{"id":71667,"date":"2026-03-05T12:23:54","date_gmt":"2026-03-05T12:23:54","guid":{"rendered":"https:\/\/occasionmachines.com\/?post_type=product&#038;p=71667"},"modified":"2026-03-05T12:23:56","modified_gmt":"2026-03-05T12:23:56","slug":"maquina-de-injecao-demag-400ton","status":"publish","type":"product","link":"https:\/\/occasionmachines.com\/pt\/produto\/maquina-de-injecao-demag-400ton\/","title":{"rendered":"M\u00e1quina de inje\u00e7\u00e3o DEMAG 400ton"},"content":{"rendered":"<p data-start=\"79\" data-end=\"301\">A <strong data-start=\"81\" data-end=\"123\">m\u00e1quina de inje\u00e7\u00e3o DEMAG 400 toneladas<\/strong> \u00e9 um equipamento industrial utilizado no processo de <strong data-start=\"177\" data-end=\"214\">molda\u00e7\u00e3o por inje\u00e7\u00e3o de pl\u00e1sticos<\/strong>, permitindo produzir pe\u00e7as de grande dimens\u00e3o com elevada precis\u00e3o e repetibilidade.<\/p>\n<p data-start=\"303\" data-end=\"622\">Este tipo de m\u00e1quina funciona atrav\u00e9s do <strong data-start=\"344\" data-end=\"381\">aquecimento do pl\u00e1stico granulado<\/strong>, que \u00e9 fundido num cilindro e posteriormente <strong data-start=\"427\" data-end=\"475\">injetado sob alta press\u00e3o num molde met\u00e1lico<\/strong>, onde arrefece e adquire a forma final da pe\u00e7a. \u00c9 muito utilizada na ind\u00fastria <strong data-start=\"555\" data-end=\"621\">autom\u00f3vel, embalagens, eletrodom\u00e9sticos e componentes t\u00e9cnicos<\/strong>.<\/p>\n<hr data-start=\"624\" data-end=\"627\" \/>\n<h1 data-start=\"629\" data-end=\"680\">Caracter\u00edsticas t\u00e9cnicas principais<\/h1>\n<h3 data-start=\"682\" data-end=\"713\">Unidade de fecho (clamping)<\/h3>\n<ul data-start=\"714\" data-end=\"1011\">\n<li data-start=\"714\" data-end=\"774\">\n<p data-start=\"716\" data-end=\"774\"><strong data-start=\"716\" data-end=\"735\">For\u00e7a de fecho:<\/strong> cerca de <strong data-start=\"745\" data-end=\"772\">400 toneladas (4000 kN)<\/strong><\/p>\n<\/li>\n<li data-start=\"775\" data-end=\"836\">\n<p data-start=\"777\" data-end=\"836\"><strong data-start=\"777\" data-end=\"808\">Curso de abertura do molde:<\/strong> cerca de <strong data-start=\"818\" data-end=\"834\">700 \u2013 800 mm<\/strong><\/p>\n<\/li>\n<li data-start=\"837\" data-end=\"895\">\n<p data-start=\"839\" data-end=\"895\"><strong data-start=\"839\" data-end=\"867\">Dist\u00e2ncia entre colunas:<\/strong> cerca de <strong data-start=\"877\" data-end=\"893\">700 \u00d7 700 mm<\/strong><\/p>\n<\/li>\n<li data-start=\"896\" data-end=\"953\">\n<p data-start=\"898\" data-end=\"953\"><strong data-start=\"898\" data-end=\"925\">Altura m\u00ednima do molde:<\/strong> cerca de <strong data-start=\"935\" data-end=\"951\">350 \u2013 400 mm<\/strong><\/p>\n<\/li>\n<li data-start=\"954\" data-end=\"1011\">\n<p data-start=\"956\" data-end=\"1011\"><strong data-start=\"956\" data-end=\"983\">Altura m\u00e1xima do molde:<\/strong> cerca de <strong data-start=\"993\" data-end=\"1009\">800 \u2013 900 mm<\/strong><\/p>\n<\/li>\n<\/ul>\n<hr data-start=\"1013\" data-end=\"1016\" \/>\n<h3 data-start=\"1018\" data-end=\"1040\">Unidade de inje\u00e7\u00e3o<\/h3>\n<ul data-start=\"1041\" data-end=\"1271\">\n<li data-start=\"1041\" data-end=\"1094\">\n<p data-start=\"1043\" data-end=\"1094\"><strong data-start=\"1043\" data-end=\"1068\">Di\u00e2metro do parafuso:<\/strong> cerca de <strong data-start=\"1078\" data-end=\"1092\">70 \u2013 80 mm<\/strong><\/p>\n<\/li>\n<li data-start=\"1095\" data-end=\"1150\">\n<p data-start=\"1097\" data-end=\"1150\"><strong data-start=\"1097\" data-end=\"1119\">Volume de inje\u00e7\u00e3o:<\/strong> cerca de <strong data-start=\"1129\" data-end=\"1148\">1200 \u2013 1600 cm\u00b3<\/strong><\/p>\n<\/li>\n<li data-start=\"1151\" data-end=\"1214\">\n<p data-start=\"1153\" data-end=\"1214\"><strong data-start=\"1153\" data-end=\"1180\">Peso m\u00e1ximo de inje\u00e7\u00e3o:<\/strong> cerca de <strong data-start=\"1190\" data-end=\"1212\">1100 \u2013 1500 g (PS)<\/strong><\/p>\n<\/li>\n<li data-start=\"1215\" data-end=\"1271\">\n<p data-start=\"1217\" data-end=\"1271\"><strong data-start=\"1217\" data-end=\"1240\">Press\u00e3o de inje\u00e7\u00e3o:<\/strong> cerca de <strong data-start=\"1250\" data-end=\"1269\">1800 \u2013 2200 bar<\/strong><\/p>\n<\/li>\n<\/ul>\n<p data-start=\"1273\" data-end=\"1468\">M\u00e1quinas DEMAG de grande tonelagem podem atingir press\u00f5es de inje\u00e7\u00e3o superiores a <strong data-start=\"1355\" data-end=\"1367\">1800 bar<\/strong>, dependendo do di\u00e2metro do parafuso e da unidade de inje\u00e7\u00e3o.<\/p>\n<hr data-start=\"1470\" data-end=\"1473\" \/>\n<h3 data-start=\"1475\" data-end=\"1508\">Sistema el\u00e9trico e hidr\u00e1ulico<\/h3>\n<ul data-start=\"1509\" data-end=\"1702\">\n<li data-start=\"1509\" data-end=\"1570\">\n<p data-start=\"1511\" data-end=\"1570\"><strong data-start=\"1511\" data-end=\"1544\">Pot\u00eancia do motor hidr\u00e1ulico:<\/strong> cerca de <strong data-start=\"1554\" data-end=\"1568\">45 \u2013 75 kW<\/strong><\/p>\n<\/li>\n<li data-start=\"1571\" data-end=\"1639\">\n<p data-start=\"1573\" data-end=\"1639\"><strong data-start=\"1573\" data-end=\"1613\">Pot\u00eancia de aquecimento do cilindro:<\/strong> cerca de <strong data-start=\"1623\" data-end=\"1637\">20 \u2013 35 kW<\/strong><\/p>\n<\/li>\n<li data-start=\"1640\" data-end=\"1702\">\n<p data-start=\"1642\" data-end=\"1702\"><strong data-start=\"1642\" data-end=\"1677\">Capacidade do dep\u00f3sito de \u00f3leo:<\/strong> cerca de <strong data-start=\"1687\" data-end=\"1702\">500 \u2013 700 L<\/strong><\/p>\n<\/li>\n<\/ul>\n<hr data-start=\"1704\" data-end=\"1707\" \/>\n<h3 data-start=\"1709\" data-end=\"1729\">Dimens\u00f5es e peso<\/h3>\n<ul data-start=\"1730\" data-end=\"1898\">\n<li data-start=\"1730\" data-end=\"1771\">\n<p data-start=\"1732\" data-end=\"1771\"><strong data-start=\"1732\" data-end=\"1748\">Comprimento:<\/strong> cerca de <strong data-start=\"1758\" data-end=\"1769\">7 \u2013 8 m<\/strong><\/p>\n<\/li>\n<li data-start=\"1772\" data-end=\"1805\">\n<p data-start=\"1774\" data-end=\"1805\"><strong data-start=\"1774\" data-end=\"1786\">Largura:<\/strong> cerca de <strong data-start=\"1796\" data-end=\"1803\">2 m<\/strong><\/p>\n<\/li>\n<li data-start=\"1806\" data-end=\"1844\">\n<p data-start=\"1808\" data-end=\"1844\"><strong data-start=\"1808\" data-end=\"1819\">Altura:<\/strong> cerca de <strong data-start=\"1829\" data-end=\"1842\">2,5 \u2013 3 m<\/strong><\/p>\n<\/li>\n<li data-start=\"1845\" data-end=\"1898\">\n<p data-start=\"1847\" data-end=\"1898\"><strong data-start=\"1847\" data-end=\"1867\">Peso da m\u00e1quina:<\/strong> cerca de <strong data-start=\"1877\" data-end=\"1898\">15 \u2013 20 toneladas<\/strong><\/p>\n<\/li>\n<\/ul>\n","protected":false},"excerpt":{"rendered":"<p>A m\u00e1quina de inje\u00e7\u00e3o DEMAG 400 toneladas \u00e9 um equipamento industrial utilizado no processo de molda\u00e7\u00e3o por inje\u00e7\u00e3o de pl\u00e1sticos, permitindo produzir pe\u00e7as de grande dimens\u00e3o com elevada precis\u00e3o e repetibilidade. Este tipo de m\u00e1quina funciona atrav\u00e9s do aquecimento do pl\u00e1stico granulado, que \u00e9 fundido num cilindro e posteriormente injetado sob alta press\u00e3o num molde [&hellip;]<\/p>\n","protected":false},"featured_media":71676,"comment_status":"closed","ping_status":"closed","template":"","meta":[],"product_brand":[],"product_cat":[10547,7720],"product_tag":[],"class_list":{"0":"post-71667","1":"product","2":"type-product","3":"status-publish","4":"has-post-thumbnail","6":"product_cat-maquinas-de-injecao-2","7":"product_cat-maquinas-usadas-e-recondicionadas","8":"product_shipping_class-maquinas-grandes","10":"first","11":"instock","12":"taxable","13":"shipping-taxable","14":"purchasable","15":"product-type-simple"},"_links":{"self":[{"href":"https:\/\/occasionmachines.com\/pt\/wp-json\/wp\/v2\/product\/71667","targetHints":{"allow":["GET"]}}],"collection":[{"href":"https:\/\/occasionmachines.com\/pt\/wp-json\/wp\/v2\/product"}],"about":[{"href":"https:\/\/occasionmachines.com\/pt\/wp-json\/wp\/v2\/types\/product"}],"replies":[{"embeddable":true,"href":"https:\/\/occasionmachines.com\/pt\/wp-json\/wp\/v2\/comments?post=71667"}],"wp:featuredmedia":[{"embeddable":true,"href":"https:\/\/occasionmachines.com\/pt\/wp-json\/wp\/v2\/media\/71676"}],"wp:attachment":[{"href":"https:\/\/occasionmachines.com\/pt\/wp-json\/wp\/v2\/media?parent=71667"}],"wp:term":[{"taxonomy":"product_brand","embeddable":true,"href":"https:\/\/occasionmachines.com\/pt\/wp-json\/wp\/v2\/product_brand?post=71667"},{"taxonomy":"product_cat","embeddable":true,"href":"https:\/\/occasionmachines.com\/pt\/wp-json\/wp\/v2\/product_cat?post=71667"},{"taxonomy":"product_tag","embeddable":true,"href":"https:\/\/occasionmachines.com\/pt\/wp-json\/wp\/v2\/product_tag?post=71667"}],"curies":[{"name":"wp","href":"https:\/\/api.w.org\/{rel}","templated":true}]}}