{"id":71705,"date":"2026-03-05T14:40:24","date_gmt":"2026-03-05T14:40:24","guid":{"rendered":"https:\/\/occasionmachines.com\/?post_type=product&#038;p=71705"},"modified":"2026-03-05T14:40:25","modified_gmt":"2026-03-05T14:40:25","slug":"maquina-de-injecao-ergotech-330-2300-system","status":"publish","type":"product","link":"https:\/\/occasionmachines.com\/pt\/produto\/maquina-de-injecao-ergotech-330-2300-system\/","title":{"rendered":"Maquina de inje\u00e7\u00e3o Ergotech 330-2300 system"},"content":{"rendered":"<p data-start=\"96\" data-end=\"413\">A <strong data-start=\"98\" data-end=\"132\">DEMAG Ergotech 330-2300 System<\/strong> \u00e9 uma m\u00e1quina industrial utilizada na <strong data-start=\"171\" data-end=\"208\">molda\u00e7\u00e3o por inje\u00e7\u00e3o de pl\u00e1sticos<\/strong>, fabricada pela empresa alem\u00e3 <strong data-start=\"239\" data-end=\"276\">Demag (atualmente Sumitomo Demag)<\/strong>. Este modelo pertence \u00e0 s\u00e9rie <strong data-start=\"307\" data-end=\"319\">Ergotech<\/strong>, conhecida pela robustez, precis\u00e3o e elevada capacidade de produ\u00e7\u00e3o em ambiente industrial.<\/p>\n<p data-start=\"415\" data-end=\"820\">A m\u00e1quina funciona atrav\u00e9s do <strong data-start=\"445\" data-end=\"482\">aquecimento do pl\u00e1stico granulado<\/strong>, que \u00e9 fundido no cilindro de plastifica\u00e7\u00e3o e depois <strong data-start=\"536\" data-end=\"579\">injetado sob press\u00e3o num molde met\u00e1lico<\/strong>, onde arrefece e forma a pe\u00e7a final. Este tipo de equipamento \u00e9 muito utilizado na produ\u00e7\u00e3o de <strong data-start=\"675\" data-end=\"779\">pe\u00e7as autom\u00f3veis, componentes t\u00e9cnicos, embalagens e produtos industriais de m\u00e9dia e grande dimens\u00e3o<\/strong>.<\/p>\n<hr data-start=\"822\" data-end=\"825\" \/>\n<h1 data-start=\"827\" data-end=\"864\">Caracter\u00edsticas t\u00e9cnicas principais<\/h1>\n<h3 data-start=\"866\" data-end=\"897\">Unidade de fecho (clamping)<\/h3>\n<ul data-start=\"898\" data-end=\"1342\">\n<li data-start=\"898\" data-end=\"958\">\n<p data-start=\"900\" data-end=\"958\"><strong data-start=\"900\" data-end=\"919\">For\u00e7a de fecho:<\/strong> cerca de <strong data-start=\"929\" data-end=\"956\">330 toneladas (3300 kN)<\/strong><\/p>\n<\/li>\n<li data-start=\"959\" data-end=\"1014\">\n<p data-start=\"961\" data-end=\"1014\"><strong data-start=\"961\" data-end=\"992\">Curso de abertura do molde:<\/strong> cerca de <strong data-start=\"1002\" data-end=\"1012\">675 mm<\/strong><\/p>\n<\/li>\n<li data-start=\"1015\" data-end=\"1064\">\n<p data-start=\"1017\" data-end=\"1064\"><strong data-start=\"1017\" data-end=\"1045\">Dist\u00e2ncia entre colunas:<\/strong> <strong data-start=\"1046\" data-end=\"1062\">710 \u00d7 630 mm<\/strong><\/p>\n<\/li>\n<li data-start=\"1065\" data-end=\"1116\">\n<p data-start=\"1067\" data-end=\"1116\"><strong data-start=\"1067\" data-end=\"1094\">Altura m\u00ednima do molde:<\/strong> cerca de <strong data-start=\"1104\" data-end=\"1114\">330 mm<\/strong><\/p>\n<\/li>\n<li data-start=\"1117\" data-end=\"1168\">\n<p data-start=\"1119\" data-end=\"1168\"><strong data-start=\"1119\" data-end=\"1146\">Altura m\u00e1xima do molde:<\/strong> cerca de <strong data-start=\"1156\" data-end=\"1166\">830 mm<\/strong><\/p>\n<\/li>\n<li data-start=\"1169\" data-end=\"1224\">\n<p data-start=\"1171\" data-end=\"1224\"><strong data-start=\"1171\" data-end=\"1204\">Dimens\u00e3o das placas do molde:<\/strong> <strong data-start=\"1205\" data-end=\"1222\">1040 \u00d7 950 mm<\/strong><\/p>\n<\/li>\n<li data-start=\"1225\" data-end=\"1260\">\n<p data-start=\"1227\" data-end=\"1260\"><strong data-start=\"1227\" data-end=\"1247\">Curso do ejetor:<\/strong> <strong data-start=\"1248\" data-end=\"1258\">200 mm<\/strong><\/p>\n<\/li>\n<li data-start=\"1261\" data-end=\"1342\">\n<p data-start=\"1263\" data-end=\"1342\"><strong data-start=\"1263\" data-end=\"1283\">For\u00e7a do ejetor:<\/strong> cerca de <strong data-start=\"1293\" data-end=\"1302\">80 kN<\/strong><\/p>\n<\/li>\n<\/ul>\n<hr data-start=\"1344\" data-end=\"1347\" \/>\n<h3 data-start=\"1349\" data-end=\"1371\">Unidade de inje\u00e7\u00e3o<\/h3>\n<ul data-start=\"1372\" data-end=\"1668\">\n<li data-start=\"1372\" data-end=\"1420\">\n<p data-start=\"1374\" data-end=\"1420\"><strong data-start=\"1374\" data-end=\"1399\">Di\u00e2metro do parafuso:<\/strong> cerca de <strong data-start=\"1409\" data-end=\"1418\">60 mm<\/strong><\/p>\n<\/li>\n<li data-start=\"1421\" data-end=\"1468\">\n<p data-start=\"1423\" data-end=\"1468\"><strong data-start=\"1423\" data-end=\"1445\">Volume de inje\u00e7\u00e3o:<\/strong> cerca de <strong data-start=\"1455\" data-end=\"1466\">891 cm\u00b3<\/strong><\/p>\n<\/li>\n<li data-start=\"1469\" data-end=\"1524\">\n<p data-start=\"1471\" data-end=\"1524\"><strong data-start=\"1471\" data-end=\"1498\">Peso m\u00e1ximo de inje\u00e7\u00e3o:<\/strong> cerca de <strong data-start=\"1508\" data-end=\"1522\">800 g (PS)<\/strong><\/p>\n<\/li>\n<li data-start=\"1525\" data-end=\"1578\">\n<p data-start=\"1527\" data-end=\"1578\"><strong data-start=\"1527\" data-end=\"1550\">Press\u00e3o de inje\u00e7\u00e3o:<\/strong> at\u00e9 cerca de <strong data-start=\"1564\" data-end=\"1576\">2400 bar<\/strong><\/p>\n<\/li>\n<li data-start=\"1579\" data-end=\"1668\">\n<p data-start=\"1581\" data-end=\"1668\"><strong data-start=\"1581\" data-end=\"1609\">Pot\u00eancia de aquecimento:<\/strong> cerca de <strong data-start=\"1619\" data-end=\"1628\">23 kW<\/strong><\/p>\n<\/li>\n<\/ul>\n<hr data-start=\"1670\" data-end=\"1673\" \/>\n<h3 data-start=\"1675\" data-end=\"1706\">Sistema el\u00e9trico e controlo<\/h3>\n<ul data-start=\"1707\" data-end=\"1921\">\n<li data-start=\"1707\" data-end=\"1749\">\n<p data-start=\"1709\" data-end=\"1749\"><strong data-start=\"1709\" data-end=\"1733\">Sistema de controlo:<\/strong> DEMAG <strong data-start=\"1740\" data-end=\"1747\">NC4<\/strong><\/p>\n<\/li>\n<li data-start=\"1750\" data-end=\"1797\">\n<p data-start=\"1752\" data-end=\"1797\"><strong data-start=\"1752\" data-end=\"1777\">Alimenta\u00e7\u00e3o el\u00e9trica:<\/strong> <strong data-start=\"1778\" data-end=\"1795\">400 V \/ 50 Hz<\/strong><\/p>\n<\/li>\n<li data-start=\"1798\" data-end=\"1921\">\n<p data-start=\"1800\" data-end=\"1921\">Possibilidade de <strong data-start=\"1817\" data-end=\"1853\">integra\u00e7\u00e3o com robot de extra\u00e7\u00e3o<\/strong> para automa\u00e7\u00e3o da produ\u00e7\u00e3o.<\/p>\n<\/li>\n<\/ul>\n<hr data-start=\"1923\" data-end=\"1926\" \/>\n<h3 data-start=\"1928\" data-end=\"1959\">Dimens\u00f5es e peso da m\u00e1quina<\/h3>\n<ul data-start=\"1960\" data-end=\"2173\">\n<li data-start=\"1960\" data-end=\"2001\">\n<p data-start=\"1962\" data-end=\"2001\"><strong data-start=\"1962\" data-end=\"1978\">Comprimento:<\/strong> cerca de <strong data-start=\"1988\" data-end=\"1999\">6500 mm<\/strong><\/p>\n<\/li>\n<li data-start=\"2002\" data-end=\"2039\">\n<p data-start=\"2004\" data-end=\"2039\"><strong data-start=\"2004\" data-end=\"2016\">Largura:<\/strong> cerca de <strong data-start=\"2026\" data-end=\"2037\">2000 mm<\/strong><\/p>\n<\/li>\n<li data-start=\"2040\" data-end=\"2076\">\n<p data-start=\"2042\" data-end=\"2076\"><strong data-start=\"2042\" data-end=\"2053\">Altura:<\/strong> cerca de <strong data-start=\"2063\" data-end=\"2074\">2300 mm<\/strong><\/p>\n<\/li>\n<li data-start=\"2077\" data-end=\"2173\">\n<p data-start=\"2079\" data-end=\"2173\"><strong data-start=\"2079\" data-end=\"2088\">Peso:<\/strong> aproximadamente <strong data-start=\"2105\" data-end=\"2133\">15 000 kg (15 toneladas)<\/strong><\/p>\n<\/li>\n<\/ul>\n","protected":false},"excerpt":{"rendered":"<p>A DEMAG Ergotech 330-2300 System \u00e9 uma m\u00e1quina industrial utilizada na molda\u00e7\u00e3o por inje\u00e7\u00e3o de pl\u00e1sticos, fabricada pela empresa alem\u00e3 Demag (atualmente Sumitomo Demag). Este modelo pertence \u00e0 s\u00e9rie Ergotech, conhecida pela robustez, precis\u00e3o e elevada capacidade de produ\u00e7\u00e3o em ambiente industrial. A m\u00e1quina funciona atrav\u00e9s do aquecimento do pl\u00e1stico granulado, que \u00e9 fundido no [&hellip;]<\/p>\n","protected":false},"featured_media":71724,"comment_status":"closed","ping_status":"closed","template":"","meta":[],"product_brand":[],"product_cat":[10547,7720],"product_tag":[],"class_list":{"0":"post-71705","1":"product","2":"type-product","3":"status-publish","4":"has-post-thumbnail","6":"product_cat-maquinas-de-injecao-2","7":"product_cat-maquinas-usadas-e-recondicionadas","8":"product_shipping_class-maquinas-grandes","10":"first","11":"instock","12":"taxable","13":"shipping-taxable","14":"purchasable","15":"product-type-simple"},"_links":{"self":[{"href":"https:\/\/occasionmachines.com\/pt\/wp-json\/wp\/v2\/product\/71705","targetHints":{"allow":["GET"]}}],"collection":[{"href":"https:\/\/occasionmachines.com\/pt\/wp-json\/wp\/v2\/product"}],"about":[{"href":"https:\/\/occasionmachines.com\/pt\/wp-json\/wp\/v2\/types\/product"}],"replies":[{"embeddable":true,"href":"https:\/\/occasionmachines.com\/pt\/wp-json\/wp\/v2\/comments?post=71705"}],"wp:featuredmedia":[{"embeddable":true,"href":"https:\/\/occasionmachines.com\/pt\/wp-json\/wp\/v2\/media\/71724"}],"wp:attachment":[{"href":"https:\/\/occasionmachines.com\/pt\/wp-json\/wp\/v2\/media?parent=71705"}],"wp:term":[{"taxonomy":"product_brand","embeddable":true,"href":"https:\/\/occasionmachines.com\/pt\/wp-json\/wp\/v2\/product_brand?post=71705"},{"taxonomy":"product_cat","embeddable":true,"href":"https:\/\/occasionmachines.com\/pt\/wp-json\/wp\/v2\/product_cat?post=71705"},{"taxonomy":"product_tag","embeddable":true,"href":"https:\/\/occasionmachines.com\/pt\/wp-json\/wp\/v2\/product_tag?post=71705"}],"curies":[{"name":"wp","href":"https:\/\/api.w.org\/{rel}","templated":true}]}}