{"id":71736,"date":"2026-03-05T15:34:28","date_gmt":"2026-03-05T15:34:28","guid":{"rendered":"https:\/\/occasionmachines.com\/?post_type=product&#038;p=71736"},"modified":"2026-03-05T15:34:29","modified_gmt":"2026-03-05T15:34:29","slug":"maquina-de-injecao-haitian-250ton","status":"publish","type":"product","link":"https:\/\/occasionmachines.com\/pt\/produto\/maquina-de-injecao-haitian-250ton\/","title":{"rendered":"M\u00e1quina de inje\u00e7\u00e3o Haitian 250ton"},"content":{"rendered":"<p data-start=\"81\" data-end=\"414\">A <strong data-start=\"83\" data-end=\"127\">m\u00e1quina de inje\u00e7\u00e3o Haitian 250 toneladas<\/strong> \u00e9 um equipamento industrial utilizado na <strong data-start=\"169\" data-end=\"206\">molda\u00e7\u00e3o por inje\u00e7\u00e3o de pl\u00e1sticos<\/strong>, permitindo produzir pe\u00e7as pl\u00e1sticas com elevada precis\u00e3o e repetibilidade. Este tipo de m\u00e1quina \u00e9 frequentemente utilizado em ind\u00fastrias como <strong data-start=\"350\" data-end=\"413\">autom\u00f3vel, embalagens, eletrodom\u00e9sticos e produtos t\u00e9cnicos<\/strong>.<\/p>\n<p data-start=\"416\" data-end=\"599\">O processo consiste no <strong data-start=\"439\" data-end=\"476\">aquecimento do pl\u00e1stico granulado<\/strong>, que \u00e9 fundido num cilindro e depois <strong data-start=\"514\" data-end=\"562\">injetado sob alta press\u00e3o num molde met\u00e1lico<\/strong>, onde arrefece e forma a pe\u00e7a final.<\/p>\n<hr data-start=\"601\" data-end=\"604\" \/>\n<h1 data-start=\"606\" data-end=\"643\">Caracter\u00edsticas t\u00e9cnicas principais<\/h1>\n<h3 data-start=\"645\" data-end=\"676\">Unidade de fecho (clamping)<\/h3>\n<ul data-start=\"677\" data-end=\"1047\">\n<li data-start=\"677\" data-end=\"724\">\n<p data-start=\"679\" data-end=\"724\"><strong data-start=\"679\" data-end=\"698\">For\u00e7a de fecho:<\/strong> 250 toneladas (2500 kN)<\/p>\n<\/li>\n<li data-start=\"725\" data-end=\"786\">\n<p data-start=\"727\" data-end=\"786\"><strong data-start=\"727\" data-end=\"758\">Curso de abertura do molde:<\/strong> cerca de <strong data-start=\"768\" data-end=\"784\">540 \u2013 580 mm<\/strong><\/p>\n<\/li>\n<li data-start=\"787\" data-end=\"845\">\n<p data-start=\"789\" data-end=\"845\"><strong data-start=\"789\" data-end=\"817\">Dist\u00e2ncia entre colunas:<\/strong> cerca de <strong data-start=\"827\" data-end=\"843\">580 \u00d7 580 mm<\/strong><\/p>\n<\/li>\n<li data-start=\"846\" data-end=\"900\">\n<p data-start=\"848\" data-end=\"900\"><strong data-start=\"848\" data-end=\"878\">Espessura m\u00ednima do molde:<\/strong> cerca de <strong data-start=\"888\" data-end=\"898\">220 mm<\/strong><\/p>\n<\/li>\n<li data-start=\"901\" data-end=\"955\">\n<p data-start=\"903\" data-end=\"955\"><strong data-start=\"903\" data-end=\"933\">Espessura m\u00e1xima do molde:<\/strong> cerca de <strong data-start=\"943\" data-end=\"953\">600 mm<\/strong><\/p>\n<\/li>\n<li data-start=\"956\" data-end=\"1000\">\n<p data-start=\"958\" data-end=\"1000\"><strong data-start=\"958\" data-end=\"978\">Curso do ejetor:<\/strong> cerca de <strong data-start=\"988\" data-end=\"998\">140 mm<\/strong><\/p>\n<\/li>\n<li data-start=\"1001\" data-end=\"1047\">\n<p data-start=\"1003\" data-end=\"1047\"><strong data-start=\"1003\" data-end=\"1023\">For\u00e7a do ejetor:<\/strong> cerca de <strong data-start=\"1033\" data-end=\"1047\">60 \u2013 70 kN<\/strong><\/p>\n<\/li>\n<\/ul>\n<hr data-start=\"1049\" data-end=\"1052\" \/>\n<h3 data-start=\"1054\" data-end=\"1076\">Unidade de inje\u00e7\u00e3o<\/h3>\n<ul data-start=\"1077\" data-end=\"1364\">\n<li data-start=\"1077\" data-end=\"1130\">\n<p data-start=\"1079\" data-end=\"1130\"><strong data-start=\"1079\" data-end=\"1104\">Di\u00e2metro do parafuso:<\/strong> cerca de <strong data-start=\"1114\" data-end=\"1128\">50 \u2013 60 mm<\/strong><\/p>\n<\/li>\n<li data-start=\"1131\" data-end=\"1184\">\n<p data-start=\"1133\" data-end=\"1184\"><strong data-start=\"1133\" data-end=\"1155\">Volume de inje\u00e7\u00e3o:<\/strong> cerca de <strong data-start=\"1165\" data-end=\"1182\">600 \u2013 900 cm\u00b3<\/strong><\/p>\n<\/li>\n<li data-start=\"1185\" data-end=\"1246\">\n<p data-start=\"1187\" data-end=\"1246\"><strong data-start=\"1187\" data-end=\"1214\">Peso m\u00e1ximo de inje\u00e7\u00e3o:<\/strong> cerca de <strong data-start=\"1224\" data-end=\"1244\">550 \u2013 800 g (PS)<\/strong><\/p>\n<\/li>\n<li data-start=\"1247\" data-end=\"1307\">\n<p data-start=\"1249\" data-end=\"1307\"><strong data-start=\"1249\" data-end=\"1272\">Press\u00e3o de inje\u00e7\u00e3o:<\/strong> at\u00e9 cerca de <strong data-start=\"1286\" data-end=\"1305\">1800 \u2013 2000 bar<\/strong><\/p>\n<\/li>\n<li data-start=\"1308\" data-end=\"1364\">\n<p data-start=\"1310\" data-end=\"1364\"><strong data-start=\"1310\" data-end=\"1337\">Velocidade do parafuso:<\/strong> cerca de <strong data-start=\"1347\" data-end=\"1364\">160 \u2013 200 rpm<\/strong><\/p>\n<\/li>\n<\/ul>\n<hr data-start=\"1366\" data-end=\"1369\" \/>\n<h3 data-start=\"1371\" data-end=\"1404\">Sistema el\u00e9trico e hidr\u00e1ulico<\/h3>\n<ul data-start=\"1405\" data-end=\"1607\">\n<li data-start=\"1405\" data-end=\"1464\">\n<p data-start=\"1407\" data-end=\"1464\"><strong data-start=\"1407\" data-end=\"1438\">Pot\u00eancia do motor da bomba:<\/strong> cerca de <strong data-start=\"1448\" data-end=\"1462\">22 \u2013 30 kW<\/strong><\/p>\n<\/li>\n<li data-start=\"1465\" data-end=\"1533\">\n<p data-start=\"1467\" data-end=\"1533\"><strong data-start=\"1467\" data-end=\"1507\">Pot\u00eancia de aquecimento do cilindro:<\/strong> cerca de <strong data-start=\"1517\" data-end=\"1531\">15 \u2013 18 kW<\/strong><\/p>\n<\/li>\n<li data-start=\"1534\" data-end=\"1607\">\n<p data-start=\"1536\" data-end=\"1607\"><strong data-start=\"1536\" data-end=\"1582\">Capacidade do dep\u00f3sito de \u00f3leo hidr\u00e1ulico:<\/strong> cerca de <strong data-start=\"1592\" data-end=\"1607\">350 \u2013 400 L<\/strong><\/p>\n<\/li>\n<\/ul>\n<hr data-start=\"1609\" data-end=\"1612\" \/>\n<h3 data-start=\"1614\" data-end=\"1645\">Dimens\u00f5es e peso da m\u00e1quina<\/h3>\n<ul data-start=\"1646\" data-end=\"1814\">\n<li data-start=\"1646\" data-end=\"1691\">\n<p data-start=\"1648\" data-end=\"1691\"><strong data-start=\"1648\" data-end=\"1664\">Comprimento:<\/strong> cerca de <strong data-start=\"1674\" data-end=\"1689\">5,8 \u2013 6,2 m<\/strong><\/p>\n<\/li>\n<li data-start=\"1692\" data-end=\"1727\">\n<p data-start=\"1694\" data-end=\"1727\"><strong data-start=\"1694\" data-end=\"1706\">Largura:<\/strong> cerca de <strong data-start=\"1716\" data-end=\"1725\">1,5 m<\/strong><\/p>\n<\/li>\n<li data-start=\"1728\" data-end=\"1762\">\n<p data-start=\"1730\" data-end=\"1762\"><strong data-start=\"1730\" data-end=\"1741\">Altura:<\/strong> cerca de <strong data-start=\"1751\" data-end=\"1760\">2,1 m<\/strong><\/p>\n<\/li>\n<li data-start=\"1763\" data-end=\"1814\">\n<p data-start=\"1765\" data-end=\"1814\"><strong data-start=\"1765\" data-end=\"1785\">Peso da m\u00e1quina:<\/strong> cerca de <strong data-start=\"1795\" data-end=\"1814\">7 \u2013 8 toneladas<\/strong><\/p>\n<\/li>\n<\/ul>\n","protected":false},"excerpt":{"rendered":"<p>A m\u00e1quina de inje\u00e7\u00e3o Haitian 250 toneladas \u00e9 um equipamento industrial utilizado na molda\u00e7\u00e3o por inje\u00e7\u00e3o de pl\u00e1sticos, permitindo produzir pe\u00e7as pl\u00e1sticas com elevada precis\u00e3o e repetibilidade. Este tipo de m\u00e1quina \u00e9 frequentemente utilizado em ind\u00fastrias como autom\u00f3vel, embalagens, eletrodom\u00e9sticos e produtos t\u00e9cnicos. O processo consiste no aquecimento do pl\u00e1stico granulado, que \u00e9 fundido num [&hellip;]<\/p>\n","protected":false},"featured_media":71750,"comment_status":"closed","ping_status":"closed","template":"","meta":[],"product_brand":[],"product_cat":[10547,7720],"product_tag":[],"class_list":{"0":"post-71736","1":"product","2":"type-product","3":"status-publish","4":"has-post-thumbnail","6":"product_cat-maquinas-de-injecao-2","7":"product_cat-maquinas-usadas-e-recondicionadas","8":"product_shipping_class-maquinas-grandes","10":"first","11":"instock","12":"taxable","13":"shipping-taxable","14":"purchasable","15":"product-type-simple"},"_links":{"self":[{"href":"https:\/\/occasionmachines.com\/pt\/wp-json\/wp\/v2\/product\/71736","targetHints":{"allow":["GET"]}}],"collection":[{"href":"https:\/\/occasionmachines.com\/pt\/wp-json\/wp\/v2\/product"}],"about":[{"href":"https:\/\/occasionmachines.com\/pt\/wp-json\/wp\/v2\/types\/product"}],"replies":[{"embeddable":true,"href":"https:\/\/occasionmachines.com\/pt\/wp-json\/wp\/v2\/comments?post=71736"}],"wp:featuredmedia":[{"embeddable":true,"href":"https:\/\/occasionmachines.com\/pt\/wp-json\/wp\/v2\/media\/71750"}],"wp:attachment":[{"href":"https:\/\/occasionmachines.com\/pt\/wp-json\/wp\/v2\/media?parent=71736"}],"wp:term":[{"taxonomy":"product_brand","embeddable":true,"href":"https:\/\/occasionmachines.com\/pt\/wp-json\/wp\/v2\/product_brand?post=71736"},{"taxonomy":"product_cat","embeddable":true,"href":"https:\/\/occasionmachines.com\/pt\/wp-json\/wp\/v2\/product_cat?post=71736"},{"taxonomy":"product_tag","embeddable":true,"href":"https:\/\/occasionmachines.com\/pt\/wp-json\/wp\/v2\/product_tag?post=71736"}],"curies":[{"name":"wp","href":"https:\/\/api.w.org\/{rel}","templated":true}]}}