{"id":71768,"date":"2026-03-06T14:57:14","date_gmt":"2026-03-06T14:57:14","guid":{"rendered":"https:\/\/occasionmachines.com\/?post_type=product&#038;p=71768"},"modified":"2026-03-06T14:57:15","modified_gmt":"2026-03-06T14:57:15","slug":"iso-50-iso-40-bt-40-bt-50-sk30-cones-diversos-230-unidades","status":"publish","type":"product","link":"https:\/\/occasionmachines.com\/pt\/produto\/iso-50-iso-40-bt-40-bt-50-sk30-cones-diversos-230-unidades\/","title":{"rendered":"ISO 50, ISO 40, BT 40, BT 50, SK30 cones diversos 230 unidades"},"content":{"rendered":"<p><span data-sheets-root=\"1\">ISO 40<br \/>\nNorma: ISO 7388 \/ DIN 69871<br \/>\n\u00c2ngulo do cone: 7\/24<br \/>\nDi\u00e2metro nominal: 40<br \/>\nAplica\u00e7\u00e3o: Maquinas CNC de m\u00e9dia pot\u00eancia<br \/>\nBoa rela\u00e7\u00e3o rigidez \/ peso<\/p>\n<p>ISO 50<br \/>\nNorma: ISO 7388 \/ DIN 69871<br \/>\n\u00c2ngulo do cone: 7\/24<br \/>\nDi\u00e2metro nominal: 50<br \/>\nAplica\u00e7\u00e3o: Maquinas de elevada pot\u00eancia e grandes esfor\u00e7os de corte<br \/>\nAlta rigidez e capacidade de bin\u00e1rio<\/p>\n<p>BT 40<br \/>\nNorma: JIS B 6339<br \/>\n\u00c2ngulo do cone: 7\/24<br \/>\nFlange sim\u00e9trica (duplo contacto no aperto)<br \/>\nAplica\u00e7\u00e3o: Centros CNC de alta velocidade<br \/>\nMaior precis\u00e3o e estabilidade din\u00e2mica<\/p>\n<p>BT 50<br \/>\nNorma: JIS B 6339<br \/>\n\u00c2ngulo do cone: 7\/24<br \/>\nAlta capacidade de carga e bin\u00e1rio<br \/>\nIndicados para opera\u00e7\u00f5es pesadas<\/p>\n<p>SK 30<\/p>\n<p>Norma: DIN 69871<br \/>\n\u00c2ngulo do cone: 7\/24<br \/>\nDi\u00e2metro nominal: 30<br \/>\nAplica\u00e7\u00e3o: Maquinas CNC compactas e de alta rota\u00e7\u00e3o<br \/>\nPeso reduzido e elevada precis\u00e3o<\/p>\n<p>Material: A\u00e7o liga temperado<br \/>\nTratamento: Cementado e rectificado de precis\u00e3o<br \/>\nDureza t\u00edpica: 58\u201362 HRC (zona de contacto do cone)<br \/>\nEquil\u00edbrio din\u00e2mico: Adequado para altas rota\u00e7\u00f5es (dependendo do modelo)<\/p>\n<p>Vantagens t\u00e9cnicas:<br \/>\nElevada precis\u00e3o de centragem<br \/>\nExcelente repetibilidade<br \/>\nTransmiss\u00e3o eficiente de bin\u00e1rio<br \/>\nCompatibilidade com m\u00faltiplas m\u00e1quinas-ferramenta<\/span><\/p>\n","protected":false},"excerpt":{"rendered":"<p>ISO 40 Norma: ISO 7388 \/ DIN 69871 \u00c2ngulo do cone: 7\/24 Di\u00e2metro nominal: 40 Aplica\u00e7\u00e3o: Maquinas CNC de m\u00e9dia pot\u00eancia Boa rela\u00e7\u00e3o rigidez \/ peso ISO 50 Norma: ISO 7388 \/ DIN 69871 \u00c2ngulo do cone: 7\/24 Di\u00e2metro nominal: 50 Aplica\u00e7\u00e3o: Maquinas de elevada pot\u00eancia e grandes esfor\u00e7os de corte Alta rigidez e capacidade [&hellip;]<\/p>\n","protected":false},"featured_media":71769,"comment_status":"closed","ping_status":"closed","template":"","meta":[],"product_brand":[],"product_cat":[7746],"product_tag":[],"class_list":{"0":"post-71768","1":"product","2":"type-product","3":"status-publish","4":"has-post-thumbnail","6":"product_cat-acessorios-e-ferramentas-usadas","7":"product_shipping_class-ferramentas-grandes","9":"first","10":"instock","11":"taxable","12":"shipping-taxable","13":"purchasable","14":"product-type-simple"},"_links":{"self":[{"href":"https:\/\/occasionmachines.com\/pt\/wp-json\/wp\/v2\/product\/71768","targetHints":{"allow":["GET"]}}],"collection":[{"href":"https:\/\/occasionmachines.com\/pt\/wp-json\/wp\/v2\/product"}],"about":[{"href":"https:\/\/occasionmachines.com\/pt\/wp-json\/wp\/v2\/types\/product"}],"replies":[{"embeddable":true,"href":"https:\/\/occasionmachines.com\/pt\/wp-json\/wp\/v2\/comments?post=71768"}],"wp:featuredmedia":[{"embeddable":true,"href":"https:\/\/occasionmachines.com\/pt\/wp-json\/wp\/v2\/media\/71769"}],"wp:attachment":[{"href":"https:\/\/occasionmachines.com\/pt\/wp-json\/wp\/v2\/media?parent=71768"}],"wp:term":[{"taxonomy":"product_brand","embeddable":true,"href":"https:\/\/occasionmachines.com\/pt\/wp-json\/wp\/v2\/product_brand?post=71768"},{"taxonomy":"product_cat","embeddable":true,"href":"https:\/\/occasionmachines.com\/pt\/wp-json\/wp\/v2\/product_cat?post=71768"},{"taxonomy":"product_tag","embeddable":true,"href":"https:\/\/occasionmachines.com\/pt\/wp-json\/wp\/v2\/product_tag?post=71768"}],"curies":[{"name":"wp","href":"https:\/\/api.w.org\/{rel}","templated":true}]}}