{"id":71810,"date":"2026-03-06T15:20:13","date_gmt":"2026-03-06T15:20:13","guid":{"rendered":"https:\/\/occasionmachines.com\/?post_type=product&#038;p=71810"},"modified":"2026-03-06T15:20:14","modified_gmt":"2026-03-06T15:20:14","slug":"mascara-de-solda-castollin","status":"publish","type":"product","link":"https:\/\/occasionmachines.com\/pt\/produto\/mascara-de-solda-castollin\/","title":{"rendered":"M\u00e1scara de Solda Castollin"},"content":{"rendered":"<p>Filtro autom\u00e1tico: Prote\u00e7\u00e3o contra radia\u00e7\u00e3o UV e infravermelha.<br \/>\nEscurecimento ajust\u00e1vel:Tem uma gama de ajuste para o grau de escurecimento (ex: de DIN 9 a DIN 13) dependendo do tipo de soldagem.<br \/>\nTempo de resposta: A m\u00e1scara reage em fra\u00e7\u00f5es de segundo (geralmente entre 1\/25.000 e 1\/10.000 segundos) para garantir que os olhos n\u00e3o sejam expostos a luz intensa.<\/p>\n<p>Lente de prote\u00e7\u00e3o: Feita de material resistente a impactos, como policarbonato.<br \/>\nVisor de alta visibilidade: Garante boa visibilidade da \u00e1rea de trabalho, com lentes amplas que ajudam no conforto e seguran\u00e7a durante a soldagem.<\/p>\n<p>Ajuste de sensibilidade: Permite ao usu\u00e1rio ajustar a sensibilidade do filtro, dependendo do tipo de solda ou da intensidade da luz.<br \/>\nAjuste de reten\u00e7\u00e3o de cor: O filtro de escurecimento pode ser ajustado para diferentes n\u00edveis<br \/>\nAjuste de cabe\u00e7a: A m\u00e1scara geralmente vem com um sistema de ajuste de tamanho na parte de tr\u00e1s para garantir conforto e boa fixa\u00e7\u00e3o.<\/p>\n<p>Conforto e Ergonomia:<br \/>\nDesign leve, almofadas de espuma no interior da m\u00e1scara.<br \/>\nFonte de Alimenta\u00e7\u00e3o:<br \/>\nPainel solar: A m\u00e1scara \u00e9 equipada com um painel solar integrado que recarrega automaticamente a bateria interna<br \/>\nBateria interna: A m\u00e1scara tamb\u00e9m conta com uma bateria recarreg\u00e1vel para garantir o funcionamento mesmo em ambientes de pouca luz.<\/p>\n<p>Certifica\u00e7\u00e3o ANSI:C Atende aos requisitos da norma ANSI Z87.1<br \/>\nCertifica\u00e7\u00e3o CE: Conformidade com as normas de seguran\u00e7a europeias.<\/p>\n<p>\u00c1reas de Aplica\u00e7\u00e3o:<br \/>\nSoldagem a arco el\u00e9trico: ideal para processos de soldagem MIG, TIG, e MMA.<br \/>\nTrabalho em ambientes industriais: Indicada para uso em oficinas de metalurgia, constru\u00e7\u00e3o, e outras aplica\u00e7\u00f5es industriais que envolvem processos de soldagem.<\/p>\n","protected":false},"excerpt":{"rendered":"<p>Filtro autom\u00e1tico: Prote\u00e7\u00e3o contra radia\u00e7\u00e3o UV e infravermelha. Escurecimento ajust\u00e1vel:Tem uma gama de ajuste para o grau de escurecimento (ex: de DIN 9 a DIN 13) dependendo do tipo de soldagem. Tempo de resposta: A m\u00e1scara reage em fra\u00e7\u00f5es de segundo (geralmente entre 1\/25.000 e 1\/10.000 segundos) para garantir que os olhos n\u00e3o sejam expostos [&hellip;]<\/p>\n","protected":false},"featured_media":71815,"comment_status":"closed","ping_status":"closed","template":"","meta":[],"product_brand":[],"product_cat":[4729],"product_tag":[],"class_list":{"0":"post-71810","1":"product","2":"type-product","3":"status-publish","4":"has-post-thumbnail","6":"product_cat-mascaras-de-proteccao-de-soldadura","7":"product_shipping_class-ferramentas-medias","9":"first","10":"instock","11":"taxable","12":"shipping-taxable","13":"purchasable","14":"product-type-simple"},"_links":{"self":[{"href":"https:\/\/occasionmachines.com\/pt\/wp-json\/wp\/v2\/product\/71810","targetHints":{"allow":["GET"]}}],"collection":[{"href":"https:\/\/occasionmachines.com\/pt\/wp-json\/wp\/v2\/product"}],"about":[{"href":"https:\/\/occasionmachines.com\/pt\/wp-json\/wp\/v2\/types\/product"}],"replies":[{"embeddable":true,"href":"https:\/\/occasionmachines.com\/pt\/wp-json\/wp\/v2\/comments?post=71810"}],"wp:featuredmedia":[{"embeddable":true,"href":"https:\/\/occasionmachines.com\/pt\/wp-json\/wp\/v2\/media\/71815"}],"wp:attachment":[{"href":"https:\/\/occasionmachines.com\/pt\/wp-json\/wp\/v2\/media?parent=71810"}],"wp:term":[{"taxonomy":"product_brand","embeddable":true,"href":"https:\/\/occasionmachines.com\/pt\/wp-json\/wp\/v2\/product_brand?post=71810"},{"taxonomy":"product_cat","embeddable":true,"href":"https:\/\/occasionmachines.com\/pt\/wp-json\/wp\/v2\/product_cat?post=71810"},{"taxonomy":"product_tag","embeddable":true,"href":"https:\/\/occasionmachines.com\/pt\/wp-json\/wp\/v2\/product_tag?post=71810"}],"curies":[{"name":"wp","href":"https:\/\/api.w.org\/{rel}","templated":true}]}}