{"id":71819,"date":"2026-03-06T15:26:52","date_gmt":"2026-03-06T15:26:52","guid":{"rendered":"https:\/\/occasionmachines.com\/?post_type=product&#038;p=71819"},"modified":"2026-03-06T15:26:53","modified_gmt":"2026-03-06T15:26:53","slug":"gas-20-para-roscamento-bilz","status":"publish","type":"product","link":"https:\/\/occasionmachines.com\/pt\/produto\/gas-20-para-roscamento-bilz\/","title":{"rendered":"G\u00e1s 20 para roscamento BILZ"},"content":{"rendered":"<p>Aplica\u00e7\u00e3o principal: Corte de roscas internas e externas<br \/>\nRosca m\u00e9trica (ISO) e outras roscas padr\u00e3o, como roscas de passo fino.<\/p>\n<p>Material de Fabrica\u00e7\u00e3o: A\u00e7o de alta qualidade ou metal duro (carbeto)<br \/>\nSistema de Resfriamento:O Gas 20 da BILZ pode ser projetado com um sistema de resfriamento interno ou a partir de sistemas externos para garantir a redu\u00e7\u00e3o de calor durante o corte, evitando danos \u00e0 ferramenta e ao material trabalhado.<\/p>\n<p>Alta precis\u00e3o dimensional: A ferramenta oferece excelente controle sobre as toler\u00e2ncias dimensionais das roscas, proporcionando roscas de alta qualidade e acabamento fino.<br \/>\nRepetibilidade: Alta repetibilidade nas opera\u00e7\u00f5es de roscamento.<\/p>\n<p>Sistema de Fixa\u00e7\u00e3o:<br \/>\nO modelo Gas 20 da BILZ pode incluir sistemas de fixa\u00e7\u00e3o que permitem a instala\u00e7\u00e3o r\u00e1pida e precisa da ferramenta na m\u00e1quina de roscamento ou tornos.<br \/>\nAcabamento:A superf\u00edcie da ferramenta pode ser tratada para melhorar a durabilidade e a resist\u00eancia ao desgaste, com acabamento que minimiza o atrito e maximiza a vida \u00fatil da ferramenta.<\/p>\n<p>Uso e Aplica\u00e7\u00f5es:<br \/>\nIdeal para ind\u00fastrias de usinagem, fabrica\u00e7\u00e3o de pe\u00e7as mec\u00e2nicas, montagem de componentes em alta precis\u00e3o, e fabrica\u00e7\u00e3o de pe\u00e7as automotivas e aeroespaciais.<br \/>\nAdapt\u00e1vel a tornos CNC e outros equipamentos de usinagem avan\u00e7ada.<\/p>\n<p>Toler\u00e2ncias:<br \/>\nAlta precis\u00e3o nas toler\u00e2ncias das roscas, com valores t\u00edpicos de toler\u00e2ncia para roscas m\u00e9tricas entre ISO 2 e ISO 6, dependendo da aplica\u00e7\u00e3o.<\/p>\n<p>Certifica\u00e7\u00f5es:<br \/>\nNormas internacionais de qualidade e seguran\u00e7a, como ISO 9001, garantindo a confiabilidade e a efici\u00eancia das ferramentas BILZ.<\/p>\n","protected":false},"excerpt":{"rendered":"<p>Aplica\u00e7\u00e3o principal: Corte de roscas internas e externas Rosca m\u00e9trica (ISO) e outras roscas padr\u00e3o, como roscas de passo fino. Material de Fabrica\u00e7\u00e3o: A\u00e7o de alta qualidade ou metal duro (carbeto) Sistema de Resfriamento:O Gas 20 da BILZ pode ser projetado com um sistema de resfriamento interno ou a partir de sistemas externos para garantir [&hellip;]<\/p>\n","protected":false},"featured_media":71824,"comment_status":"closed","ping_status":"closed","template":"","meta":[],"product_brand":[],"product_cat":[7720],"product_tag":[],"class_list":{"0":"post-71819","1":"product","2":"type-product","3":"status-publish","4":"has-post-thumbnail","6":"product_cat-maquinas-usadas-e-recondicionadas","7":"product_shipping_class-ferramentas-medias","9":"first","10":"instock","11":"taxable","12":"shipping-taxable","13":"purchasable","14":"product-type-simple"},"_links":{"self":[{"href":"https:\/\/occasionmachines.com\/pt\/wp-json\/wp\/v2\/product\/71819","targetHints":{"allow":["GET"]}}],"collection":[{"href":"https:\/\/occasionmachines.com\/pt\/wp-json\/wp\/v2\/product"}],"about":[{"href":"https:\/\/occasionmachines.com\/pt\/wp-json\/wp\/v2\/types\/product"}],"replies":[{"embeddable":true,"href":"https:\/\/occasionmachines.com\/pt\/wp-json\/wp\/v2\/comments?post=71819"}],"wp:featuredmedia":[{"embeddable":true,"href":"https:\/\/occasionmachines.com\/pt\/wp-json\/wp\/v2\/media\/71824"}],"wp:attachment":[{"href":"https:\/\/occasionmachines.com\/pt\/wp-json\/wp\/v2\/media?parent=71819"}],"wp:term":[{"taxonomy":"product_brand","embeddable":true,"href":"https:\/\/occasionmachines.com\/pt\/wp-json\/wp\/v2\/product_brand?post=71819"},{"taxonomy":"product_cat","embeddable":true,"href":"https:\/\/occasionmachines.com\/pt\/wp-json\/wp\/v2\/product_cat?post=71819"},{"taxonomy":"product_tag","embeddable":true,"href":"https:\/\/occasionmachines.com\/pt\/wp-json\/wp\/v2\/product_tag?post=71819"}],"curies":[{"name":"wp","href":"https:\/\/api.w.org\/{rel}","templated":true}]}}