{"id":71869,"date":"2026-03-10T10:35:15","date_gmt":"2026-03-10T10:35:15","guid":{"rendered":"https:\/\/occasionmachines.com\/?post_type=product&#038;p=71869"},"modified":"2026-03-10T10:35:17","modified_gmt":"2026-03-10T10:35:17","slug":"stacker-still","status":"publish","type":"product","link":"https:\/\/occasionmachines.com\/pt\/produto\/stacker-still\/","title":{"rendered":"Stacker Still"},"content":{"rendered":"<div>\n<div class=\"flex h-svh w-screen flex-col\">\n<div class=\"relative z-0 flex min-h-0 w-full flex-1\">\n<div class=\"relative flex min-h-0 w-full flex-1\">\n<div class=\"@container\/main relative flex min-w-0 flex-1 flex-col -translate-y-[calc(env(safe-area-inset-bottom,0px)\/2)] pt-[calc(env(safe-area-inset-bottom,0px)\/2)]\">\n<div class=\"@w-sm\/main:[scrollbar-gutter:stable_both-edges] touch:[scrollbar-width:none] relative flex min-h-0 min-w-0 flex-1 flex-col [scrollbar-gutter:stable] not-print:overflow-x-clip not-print:overflow-y-auto scroll-pt-(--header-height) [--sticky-padding-top:var(--header-height)] has-data-[fixed-header=less-than-xl]:@w-xl\/main:scroll-pt-0 has-data-[fixed-header=less-than-xl]:@w-xl\/main:[--sticky-padding-top:0px] has-data-[fixed-header=less-than-xxl]:@w-2xl\/main:scroll-pt-0 has-data-[fixed-header=less-than-xxl]:@w-2xl\/main:[--sticky-padding-top:0px]\" data-scroll-root=\"\"><main id=\"main\" class=\"min-h-0 flex-1\"><\/p>\n<div id=\"thread\" class=\"group\/thread flex flex-col min-h-full\">\n<div class=\"composer-parent flex flex-1 flex-col focus-visible:outline-0\" role=\"presentation\">\n<div class=\"relative basis-auto flex-col -mb-(--composer-overlap-px) [--composer-overlap-px:28px] grow flex\">\n<div class=\"flex flex-col text-sm pb-25\">\n<article class=\"text-token-text-primary w-full focus:outline-none [--shadow-height:45px] has-data-writing-block:pointer-events-none has-data-writing-block:-mt-(--shadow-height) has-data-writing-block:pt-(--shadow-height) [&amp;:has([data-writing-block])&gt;*]:pointer-events-auto scroll-mt-[calc(var(--header-height)+min(200px,max(70px,20svh)))]\" dir=\"auto\" tabindex=\"-1\" data-turn-id=\"request-WEB:24f5ca26-aebf-4a80-af00-d420352e97c0-4\" data-testid=\"conversation-turn-10\" data-scroll-anchor=\"true\" data-turn=\"assistant\">\n<div class=\"text-base my-auto mx-auto pb-10 [--thread-content-margin:var(--thread-content-margin-xs,calc(var(--spacing)*4))] @w-sm\/main:[--thread-content-margin:var(--thread-content-margin-sm,calc(var(--spacing)*6))] @w-lg\/main:[--thread-content-margin:var(--thread-content-margin-lg,calc(var(--spacing)*16))] px-(--thread-content-margin)\">\n<div class=\"[--thread-content-max-width:40rem] @w-lg\/main:[--thread-content-max-width:48rem] mx-auto max-w-(--thread-content-max-width) flex-1 group\/turn-messages focus-visible:outline-hidden relative flex w-full min-w-0 flex-col agent-turn\" tabindex=\"-1\">\n<div class=\"flex max-w-full flex-col gap-4 grow\">\n<div class=\"min-h-8 text-message relative flex w-full flex-col items-end gap-2 text-start break-words whitespace-normal [.text-message+&amp;]:mt-1\" dir=\"auto\" data-message-author-role=\"assistant\" data-message-id=\"cbd98919-169b-4dc0-a3c4-b264645703cf\" data-message-model-slug=\"gpt-5-3\">\n<div class=\"flex w-full flex-col gap-1 empty:hidden\">\n<div class=\"markdown prose dark:prose-invert w-full wrap-break-word light markdown-new-styling\">\n<p data-start=\"60\" data-end=\"445\">O <strong data-start=\"79\" data-end=\"96\">stacker Still<\/strong> \u00e9 um equipamento de movimenta\u00e7\u00e3o de cargas utilizado principalmente em <strong data-start=\"168\" data-end=\"192\">armaz\u00e9ns e log\u00edstica<\/strong>. Trata-se de um <strong data-start=\"209\" data-end=\"241\">empilhador el\u00e9trico compacto<\/strong>, projetado para levantar, transportar e empilhar paletes em estantes ou zonas de armazenamento. \u00c9 muito utilizado em espa\u00e7os interiores devido ao seu tamanho reduzido e funcionamento el\u00e9trico silencioso.<\/p>\n<hr data-start=\"447\" data-end=\"450\" \/>\n<h3 data-section-id=\"v0qh1f\" data-start=\"452\" data-end=\"488\">Caracter\u00edsticas principais (SFV)<\/h3>\n<ul data-start=\"490\" data-end=\"1135\">\n<li data-section-id=\"1lzujj0\" data-start=\"490\" data-end=\"598\">\n<p data-start=\"492\" data-end=\"598\"><strong data-start=\"492\" data-end=\"537\">Sistema el\u00e9trico de eleva\u00e7\u00e3o e desloca\u00e7\u00e3o<\/strong> \u2013 permite movimentar cargas com pouco esfor\u00e7o do operador.<\/p>\n<\/li>\n<li data-section-id=\"lqnc3w\" data-start=\"599\" data-end=\"691\">\n<p data-start=\"601\" data-end=\"691\"><strong data-start=\"601\" data-end=\"624\">Capacidade de carga<\/strong> \u2013 normalmente entre <strong data-start=\"645\" data-end=\"666\">1000 kg e 2000 kg<\/strong>, dependendo do modelo.<\/p>\n<\/li>\n<li data-section-id=\"2pi6rx\" data-start=\"692\" data-end=\"783\">\n<p data-start=\"694\" data-end=\"783\"><strong data-start=\"694\" data-end=\"716\">Altura de eleva\u00e7\u00e3o<\/strong> \u2013 pode atingir cerca de <strong data-start=\"741\" data-end=\"757\">3 a 6 metros<\/strong> em estantes de armaz\u00e9m.<\/p>\n<\/li>\n<li data-section-id=\"1dg7gq2\" data-start=\"784\" data-end=\"862\">\n<p data-start=\"786\" data-end=\"862\"><strong data-start=\"786\" data-end=\"808\">Estrutura compacta<\/strong> \u2013 ideal para trabalhar em <strong data-start=\"835\" data-end=\"859\">corredores estreitos<\/strong>.<\/p>\n<\/li>\n<li data-section-id=\"1pfx0b1\" data-start=\"863\" data-end=\"944\">\n<p data-start=\"865\" data-end=\"944\"><strong data-start=\"865\" data-end=\"887\">Garfo para paletes<\/strong> \u2013 permite levantar e empilhar paletes de forma segura.<\/p>\n<\/li>\n<li data-section-id=\"124trz2\" data-start=\"945\" data-end=\"1043\">\n<p data-start=\"947\" data-end=\"1043\"><strong data-start=\"947\" data-end=\"986\">Sistema de seguran\u00e7a e estabilidade<\/strong> \u2013 trav\u00f5es, prote\u00e7\u00e3o do operador e controlo eletr\u00f3nico.<\/p>\n<\/li>\n<li data-section-id=\"pjmioo\" data-start=\"1044\" data-end=\"1135\">\n<p data-start=\"1046\" data-end=\"1135\"><strong data-start=\"1046\" data-end=\"1089\">Funcionamento silencioso e sem emiss\u00f5es<\/strong> \u2013 adequado para utiliza\u00e7\u00e3o em <strong data-start=\"1120\" data-end=\"1134\">interiores<\/strong>.<\/p>\n<\/li>\n<\/ul>\n<\/div>\n<\/div>\n<\/div>\n<\/div>\n<\/div>\n<\/div>\n<\/article>\n<\/div>\n<\/div>\n<div id=\"thread-bottom-container\" class=\"sticky bottom-0 group\/thread-bottom-container relative isolate z-10 w-full basis-auto has-data-has-thread-error:pt-2 has-data-has-thread-error:[box-shadow:var(--sharp-edge-bottom-shadow)] md:border-transparent md:pt-0 dark:border-white\/20 md:dark:border-transparent print:hidden content-fade single-line flex flex-col\">\n<div id=\"thread-bottom\">\n<div>\n<div class=\"text-base mx-auto [--thread-content-margin:var(--thread-content-margin-xs,calc(var(--spacing)*4))] @w-sm\/main:[--thread-content-margin:var(--thread-content-margin-sm,calc(var(--spacing)*6))] @w-lg\/main:[--thread-content-margin:var(--thread-content-margin-lg,calc(var(--spacing)*16))] px-(--thread-content-margin)\">\n<div class=\"[--thread-content-max-width:40rem] @w-lg\/main:[--thread-content-max-width:48rem] mx-auto max-w-(--thread-content-max-width) flex-1 mb-[var(--thread-component-gap,1rem)]\">\n<div class=\"pointer-events-auto relative z-1 flex h-(--composer-container-height,100%) max-w-full flex-(--composer-container-flex,1) flex-col\">\n<form class=\"group\/composer w-full\" data-type=\"unified-composer\">\n<div class=\"\">\n<div class=\"bg-token-bg-primary corner-superellipse\/1.1 cursor-text overflow-clip bg-clip-padding p-2.5 contain-inline-size motion-safe:transition-colors motion-safe:duration-200 motion-safe:ease-in-out dark:bg-[#303030] grid grid-cols-[auto_1fr_auto] [grid-template-areas:'header_header_header'_'leading_primary_trailing'_'._footer_.'] group-data-expanded\/composer:[grid-template-areas:'header_header_header'_'primary_primary_primary'_'leading_footer_trailing'] shadow-short\" data-composer-surface=\"true\">\n<div class=\"-my-2.5 flex min-h-14 items-center overflow-x-hidden px-1.5 [grid-area:primary] group-data-expanded\/composer:mb-0 group-data-expanded\/composer:px-2.5\">\n<div class=\"wcDTda_prosemirror-parent text-token-text-primary max-h-[max(30svh,5rem)] max-h-52 min-h-[var(--deep-research-composer-extra-height,unset)] flex-1 overflow-auto [scrollbar-width:thin] default-browser vertical-scroll-fade-mask\"><\/div>\n<\/div>\n<div class=\"[grid-area:leading]\"><\/div>\n<div class=\"flex items-center gap-2 [grid-area:trailing]\">\n<div class=\"ms-auto flex items-center gap-1.5\">\n<div class=\"min-w-9\" data-testid=\"composer-speech-button-container\">\n<div class=\"flex items-center justify-center\"><\/div>\n<\/div>\n<\/div>\n<\/div>\n<\/div>\n<\/div>\n<\/form>\n<\/div>\n<\/div>\n<\/div>\n<\/div>\n<\/div>\n<div class=\"-mt-4 text-token-text-secondary relative w-full overflow-hidden text-center text-xs [view-transition-name:var(--vt-disclaimer)] md:px-[60px]\"><\/div>\n<\/div>\n<\/div>\n<\/div>\n<p><\/main><\/div>\n<\/div>\n<\/div>\n<\/div>\n<div><\/div>\n<\/div>\n<\/div>\n","protected":false},"excerpt":{"rendered":"<p>O stacker Still \u00e9 um equipamento de movimenta\u00e7\u00e3o de cargas utilizado principalmente em armaz\u00e9ns e log\u00edstica. Trata-se de um empilhador el\u00e9trico compacto, projetado para levantar, transportar e empilhar paletes em estantes ou zonas de armazenamento. \u00c9 muito utilizado em espa\u00e7os interiores devido ao seu tamanho reduzido e funcionamento el\u00e9trico silencioso. Caracter\u00edsticas principais (SFV) Sistema el\u00e9trico [&hellip;]<\/p>\n","protected":false},"featured_media":71873,"comment_status":"closed","ping_status":"closed","template":"","meta":[],"product_brand":[],"product_cat":[7720],"product_tag":[],"class_list":{"0":"post-71869","1":"product","2":"type-product","3":"status-publish","4":"has-post-thumbnail","6":"product_cat-maquinas-usadas-e-recondicionadas","7":"product_shipping_class-maquinas-medias","9":"first","10":"instock","11":"taxable","12":"shipping-taxable","13":"purchasable","14":"product-type-simple"},"_links":{"self":[{"href":"https:\/\/occasionmachines.com\/pt\/wp-json\/wp\/v2\/product\/71869","targetHints":{"allow":["GET"]}}],"collection":[{"href":"https:\/\/occasionmachines.com\/pt\/wp-json\/wp\/v2\/product"}],"about":[{"href":"https:\/\/occasionmachines.com\/pt\/wp-json\/wp\/v2\/types\/product"}],"replies":[{"embeddable":true,"href":"https:\/\/occasionmachines.com\/pt\/wp-json\/wp\/v2\/comments?post=71869"}],"wp:featuredmedia":[{"embeddable":true,"href":"https:\/\/occasionmachines.com\/pt\/wp-json\/wp\/v2\/media\/71873"}],"wp:attachment":[{"href":"https:\/\/occasionmachines.com\/pt\/wp-json\/wp\/v2\/media?parent=71869"}],"wp:term":[{"taxonomy":"product_brand","embeddable":true,"href":"https:\/\/occasionmachines.com\/pt\/wp-json\/wp\/v2\/product_brand?post=71869"},{"taxonomy":"product_cat","embeddable":true,"href":"https:\/\/occasionmachines.com\/pt\/wp-json\/wp\/v2\/product_cat?post=71869"},{"taxonomy":"product_tag","embeddable":true,"href":"https:\/\/occasionmachines.com\/pt\/wp-json\/wp\/v2\/product_tag?post=71869"}],"curies":[{"name":"wp","href":"https:\/\/api.w.org\/{rel}","templated":true}]}}