{"id":71893,"date":"2026-03-10T11:50:39","date_gmt":"2026-03-10T11:50:39","guid":{"rendered":"https:\/\/occasionmachines.com\/?post_type=product&#038;p=71893"},"modified":"2026-03-10T11:50:40","modified_gmt":"2026-03-10T11:50:40","slug":"lote-de-rolamentos","status":"publish","type":"product","link":"https:\/\/occasionmachines.com\/pt\/produto\/lote-de-rolamentos\/","title":{"rendered":"Lote de rolamentos"},"content":{"rendered":"<p><span data-sheets-root=\"1\">Tipo de Rolamento:<br \/>\nRolamentos de esferas de raia profunda (os mais comuns), rolamentos de rolos cil\u00edndricos, ou rolamentos esf\u00e9ricos, dependendo da aplica\u00e7\u00e3o.<\/p>\n<p>Quantidade:<br \/>\nAproximadamente 100 rolamentos, vendidos em lotes para uso industrial.<\/p>\n<p>Material:<br \/>\nA\u00e7o (por exemplo, a\u00e7o carbono ou a\u00e7o inoxid\u00e1vel) para resist\u00eancia, durabilidade e resist\u00eancia ao desgaste.<\/p>\n<p>Op\u00e7\u00f5es em pl\u00e1stico ou cer\u00e2mica para aplica\u00e7\u00f5es espec\u00edficas que exigem leveza ou resist\u00eancia \u00e0 corros\u00e3o.<\/p>\n<p>Dimens\u00f5es:<\/p>\n<p>Di\u00e2metro interno: Normalmente varia de 6mm a 100mm, dependendo do tipo e modelo.<\/p>\n<p>Di\u00e2metro externo: Variando de 12mm a 150mm para uso geral, dependendo do rolamento.<\/p>\n<p>Largura: Variando conforme o tipo de rolamento, geralmente entre 4mm e 20mm.<\/p>\n<p>Capacidade de Carga:<\/p>\n<p>Projetado para suportar cargas radiais e cargas axiais, variando conforme o tamanho e o material do rolamento.<\/p>\n<p>Precis\u00e3o:<\/p>\n<p>Rolamentos normais ou de alta precis\u00e3o dispon\u00edveis, frequentemente classificados pelo padr\u00e3o ABEC (Annular Bearing Engineers&#8217; Committee) de toler\u00e2ncia (ABEC 1, ABEC 3, ABEC 5, etc.).<\/p>\n<p>Lubrifica\u00e7\u00e3o:<\/p>\n<p>Os rolamentos podem ser lubrificados com graxa ou \u00f3leo para um funcionamento mais suave e para reduzir o desgaste.<\/p>\n<p>Existem op\u00e7\u00f5es de rolamentos selados ou blindados para evitar a entrada de contaminantes, garantindo maior durabilidade.<\/p>\n<p>Temperatura de Opera\u00e7\u00e3o:<\/p>\n<p>Rolamentos padr\u00e3o: Geralmente operam em temperaturas entre -20\u00b0C e +120\u00b0C.<\/p>\n<p>Rolamentos de alta temperatura: Existem designs especializados que suportam temperaturas mais elevadas.<\/p>\n<p>Velocidade:<\/p>\n<p>Podem operar a velocidades m\u00e1ximas variadas, dependendo do design e do tipo (at\u00e9 10.000 rpm ou mais).<\/span><\/p>\n","protected":false},"excerpt":{"rendered":"<p>Tipo de Rolamento: Rolamentos de esferas de raia profunda (os mais comuns), rolamentos de rolos cil\u00edndricos, ou rolamentos esf\u00e9ricos, dependendo da aplica\u00e7\u00e3o. Quantidade: Aproximadamente 100 rolamentos, vendidos em lotes para uso industrial. Material: A\u00e7o (por exemplo, a\u00e7o carbono ou a\u00e7o inoxid\u00e1vel) para resist\u00eancia, durabilidade e resist\u00eancia ao desgaste. Op\u00e7\u00f5es em pl\u00e1stico ou cer\u00e2mica para aplica\u00e7\u00f5es [&hellip;]<\/p>\n","protected":false},"featured_media":71924,"comment_status":"closed","ping_status":"closed","template":"","meta":[],"product_brand":[],"product_cat":[7746],"product_tag":[],"class_list":{"0":"post-71893","1":"product","2":"type-product","3":"status-publish","4":"has-post-thumbnail","6":"product_cat-acessorios-e-ferramentas-usadas","7":"product_shipping_class-ferramentas-medias","9":"first","10":"instock","11":"taxable","12":"shipping-taxable","13":"purchasable","14":"product-type-simple"},"_links":{"self":[{"href":"https:\/\/occasionmachines.com\/pt\/wp-json\/wp\/v2\/product\/71893","targetHints":{"allow":["GET"]}}],"collection":[{"href":"https:\/\/occasionmachines.com\/pt\/wp-json\/wp\/v2\/product"}],"about":[{"href":"https:\/\/occasionmachines.com\/pt\/wp-json\/wp\/v2\/types\/product"}],"replies":[{"embeddable":true,"href":"https:\/\/occasionmachines.com\/pt\/wp-json\/wp\/v2\/comments?post=71893"}],"wp:featuredmedia":[{"embeddable":true,"href":"https:\/\/occasionmachines.com\/pt\/wp-json\/wp\/v2\/media\/71924"}],"wp:attachment":[{"href":"https:\/\/occasionmachines.com\/pt\/wp-json\/wp\/v2\/media?parent=71893"}],"wp:term":[{"taxonomy":"product_brand","embeddable":true,"href":"https:\/\/occasionmachines.com\/pt\/wp-json\/wp\/v2\/product_brand?post=71893"},{"taxonomy":"product_cat","embeddable":true,"href":"https:\/\/occasionmachines.com\/pt\/wp-json\/wp\/v2\/product_cat?post=71893"},{"taxonomy":"product_tag","embeddable":true,"href":"https:\/\/occasionmachines.com\/pt\/wp-json\/wp\/v2\/product_tag?post=71893"}],"curies":[{"name":"wp","href":"https:\/\/api.w.org\/{rel}","templated":true}]}}