{"id":72020,"date":"2026-03-10T15:22:38","date_gmt":"2026-03-10T15:22:38","guid":{"rendered":"https:\/\/occasionmachines.com\/?post_type=product&#038;p=72020"},"modified":"2026-03-10T15:22:39","modified_gmt":"2026-03-10T15:22:39","slug":"torno-cnc-2","status":"publish","type":"product","link":"https:\/\/occasionmachines.com\/pt\/produto\/torno-cnc-2\/","title":{"rendered":"Torno CNC"},"content":{"rendered":"<p data-start=\"51\" data-end=\"64\"><strong data-start=\"51\" data-end=\"64\">Destaques<\/strong><\/p>\n<ul data-start=\"66\" data-end=\"617\">\n<li data-section-id=\"trc4ff\" data-start=\"66\" data-end=\"156\">\n<p data-start=\"68\" data-end=\"156\"><strong data-start=\"68\" data-end=\"95\">Unidade de refrigera\u00e7\u00e3o<\/strong> (dep\u00f3sito de l\u00edquido refrigerante de 30 l, bomba de 210 W)<\/p>\n<\/li>\n<li data-section-id=\"1otv31r\" data-start=\"157\" data-end=\"224\">\n<p data-start=\"159\" data-end=\"224\"><strong data-start=\"159\" data-end=\"188\">Lubrifica\u00e7\u00e3o centralizada<\/strong> (dep\u00f3sito de 2 l, bomba de 100 W)<\/p>\n<\/li>\n<li data-section-id=\"1hfh5i7\" data-start=\"225\" data-end=\"328\">\n<p data-start=\"227\" data-end=\"328\"><strong data-start=\"227\" data-end=\"259\">Mandril hidr\u00e1ulico de aperto<\/strong> e <strong data-start=\"262\" data-end=\"288\">contraponto hidr\u00e1ulico<\/strong> (dep\u00f3sito de \u00f3leo hidr\u00e1ulico de 45 l)<\/p>\n<\/li>\n<li data-section-id=\"1ft4w74\" data-start=\"329\" data-end=\"367\">\n<p data-start=\"331\" data-end=\"367\"><strong data-start=\"331\" data-end=\"365\">Controlo Siemens 808D Advanced<\/strong><\/p>\n<\/li>\n<li data-section-id=\"71tex0\" data-start=\"368\" data-end=\"462\">\n<p data-start=\"370\" data-end=\"462\"><strong data-start=\"370\" data-end=\"415\">Fuso principal com rolamentos de precis\u00e3o<\/strong> e <strong data-start=\"418\" data-end=\"460\">motor de acionamento potente de 3,7 kW<\/strong><\/p>\n<\/li>\n<li data-section-id=\"1vud30g\" data-start=\"463\" data-end=\"550\">\n<p data-start=\"465\" data-end=\"550\"><strong data-start=\"465\" data-end=\"501\">Alta velocidade de avan\u00e7o r\u00e1pido<\/strong>: 4 m\/min no eixo <strong data-start=\"519\" data-end=\"524\">X<\/strong> e 7 m\/min no eixo <strong data-start=\"543\" data-end=\"548\">Z<\/strong><\/p>\n<\/li>\n<li data-section-id=\"1cnv6up\" data-start=\"551\" data-end=\"590\">\n<p data-start=\"553\" data-end=\"590\"><strong data-start=\"553\" data-end=\"588\">Mandril de 3 castanhas \u00d8 200 mm<\/strong><\/p>\n<\/li>\n<li data-section-id=\"14zwhl\" data-start=\"591\" data-end=\"617\">\n<p data-start=\"593\" data-end=\"617\"><strong data-start=\"593\" data-end=\"617\">Encaixe do fuso A2-6<\/strong><\/p>\n<\/li>\n<\/ul>\n<p data-start=\"619\" data-end=\"806\"><strong data-start=\"619\" data-end=\"634\">Informa\u00e7\u00e3o:<\/strong><br data-start=\"634\" data-end=\"637\" \/>Os seguintes <strong data-start=\"650\" data-end=\"687\">pacotes de idioma para o controlo<\/strong> est\u00e3o dispon\u00edveis mediante pedido: <strong data-start=\"723\" data-end=\"805\">Alem\u00e3o, Espanhol, Franc\u00eas, Italiano, Turco, Portugu\u00eas, H\u00fangaro, Checo e Polaco<\/strong>.<\/p>\n","protected":false},"excerpt":{"rendered":"<p>Destaques Unidade de refrigera\u00e7\u00e3o (dep\u00f3sito de l\u00edquido refrigerante de 30 l, bomba de 210 W) Lubrifica\u00e7\u00e3o centralizada (dep\u00f3sito de 2 l, bomba de 100 W) Mandril hidr\u00e1ulico de aperto e contraponto hidr\u00e1ulico (dep\u00f3sito de \u00f3leo hidr\u00e1ulico de 45 l) Controlo Siemens 808D Advanced Fuso principal com rolamentos de precis\u00e3o e motor de acionamento potente de [&hellip;]<\/p>\n","protected":false},"featured_media":72021,"comment_status":"closed","ping_status":"closed","template":"","meta":[],"product_brand":[],"product_cat":[7728],"product_tag":[],"class_list":{"0":"post-72020","1":"product","2":"type-product","3":"status-publish","4":"has-post-thumbnail","6":"product_cat-tornos-cnc","7":"product_shipping_class-maquinas-medias","9":"first","10":"instock","11":"taxable","12":"shipping-taxable","13":"purchasable","14":"product-type-simple"},"_links":{"self":[{"href":"https:\/\/occasionmachines.com\/pt\/wp-json\/wp\/v2\/product\/72020","targetHints":{"allow":["GET"]}}],"collection":[{"href":"https:\/\/occasionmachines.com\/pt\/wp-json\/wp\/v2\/product"}],"about":[{"href":"https:\/\/occasionmachines.com\/pt\/wp-json\/wp\/v2\/types\/product"}],"replies":[{"embeddable":true,"href":"https:\/\/occasionmachines.com\/pt\/wp-json\/wp\/v2\/comments?post=72020"}],"wp:featuredmedia":[{"embeddable":true,"href":"https:\/\/occasionmachines.com\/pt\/wp-json\/wp\/v2\/media\/72021"}],"wp:attachment":[{"href":"https:\/\/occasionmachines.com\/pt\/wp-json\/wp\/v2\/media?parent=72020"}],"wp:term":[{"taxonomy":"product_brand","embeddable":true,"href":"https:\/\/occasionmachines.com\/pt\/wp-json\/wp\/v2\/product_brand?post=72020"},{"taxonomy":"product_cat","embeddable":true,"href":"https:\/\/occasionmachines.com\/pt\/wp-json\/wp\/v2\/product_cat?post=72020"},{"taxonomy":"product_tag","embeddable":true,"href":"https:\/\/occasionmachines.com\/pt\/wp-json\/wp\/v2\/product_tag?post=72020"}],"curies":[{"name":"wp","href":"https:\/\/api.w.org\/{rel}","templated":true}]}}