{"id":7763,"date":"2016-09-15T17:40:45","date_gmt":"2016-09-15T16:40:45","guid":{"rendered":"http:\/\/occasionmachines.com\/?post_type=product&#038;p=7763"},"modified":"2025-03-07T17:45:50","modified_gmt":"2025-03-07T17:45:50","slug":"engenho-de-furar-2","status":"publish","type":"product","link":"https:\/\/occasionmachines.com\/pt\/produto\/engenho-de-furar-2\/","title":{"rendered":"Engenho de furar de Coluna Holzmann SB4132SM_400V"},"content":{"rendered":"<p><\/p>\n<ul>\n<li>\n<div align=\"left\">Engenho de furar de Coluna apresenta base s\u00f3lida retificada com T-nuts<\/div>\n<\/li>\n<li>\n<div align=\"left\">do motor de alum\u00ednio de acordo com IP54<\/div>\n<\/li>\n<li>\n<div align=\"left\">resistente \u00e0 tor\u00e7\u00e3o, s\u00f3lida e coluna de a\u00e7o polido<\/div>\n<\/li>\n<li>\n<div align=\"left\">a mesa de trabalho \u00e9 inclin\u00e1vel de-45 \u00b0 a + 45 \u00b0 e gira 360 \u00b0 em torno do centro de mesa e coluna<\/div>\n<\/li>\n<li>\n<div align=\"left\">tampa de prote\u00e7\u00e3o do eixo<\/div>\n<\/li>\n<li>\n<div align=\"left\">limitador de profundidade de perfura\u00e7\u00e3o ajust\u00e1vel com escala para controle de profundidade de perfura\u00e7\u00e3o precisos<\/div>\n<\/li>\n<\/ul>\n<p dir=\"ltr\" align=\"left\"><b>inclu\u00eddos na entrega:<\/b> 1-16mm mandril autom\u00e1tico, B16<\/p>\n<table dir=\"ltr\" border=\"1\" width=\"310\" cellspacing=\"0\">\n<tbody>\n<tr>\n<td valign=\"top\" width=\"73%\" height=\"4\">\n<p dir=\"ltr\" align=\"left\">m\u00e1x. capacidade de perfura\u00e7\u00e3o<\/p>\n<\/td>\n<td valign=\"top\" width=\"27%\" height=\"4\">\n<p dir=\"ltr\" align=\"left\">32 mil\u00edmetros<\/p>\n<\/td>\n<\/tr>\n<tr>\n<td valign=\"top\" width=\"73%\" height=\"4\">\n<p dir=\"ltr\" align=\"left\">rota\u00e7\u00f5es<\/p>\n<\/td>\n<td valign=\"top\" width=\"27%\" height=\"4\">\n<p dir=\"ltr\" align=\"left\">(24) 60-3480 rpm<\/p>\n<\/td>\n<\/tr>\n<tr>\n<td valign=\"top\" width=\"73%\" height=\"4\">\n<p dir=\"ltr\" align=\"left\">Voltagem<\/p>\n<\/td>\n<td valign=\"top\" width=\"27%\" height=\"4\">\n<p dir=\"ltr\" align=\"left\">400 V<\/p>\n<\/td>\n<\/tr>\n<tr>\n<td valign=\"top\" width=\"73%\" height=\"11\">\n<p dir=\"ltr\" align=\"left\">fuso raio de coluna<\/p>\n<\/td>\n<td valign=\"top\" width=\"27%\" height=\"11\">\n<p dir=\"ltr\" align=\"left\">257 mil\u00edmetros<\/p>\n<\/td>\n<\/tr>\n<tr>\n<td valign=\"top\" width=\"73%\" height=\"4\">\n<p dir=\"ltr\" align=\"left\">titular do fuso<\/p>\n<\/td>\n<td valign=\"top\" width=\"27%\" height=\"4\">\n<p dir=\"ltr\" align=\"left\">MT4<\/p>\n<\/td>\n<\/tr>\n<tr>\n<td valign=\"top\" width=\"73%\" height=\"4\">\n<p dir=\"ltr\" align=\"left\">m\u00e1x. viagens spindle<\/p>\n<\/td>\n<td valign=\"top\" width=\"27%\" height=\"4\">\n<p dir=\"ltr\" align=\"left\">120 mil\u00edmetros<\/p>\n<\/td>\n<\/tr>\n<tr>\n<td valign=\"top\" width=\"73%\" height=\"12\">\n<p dir=\"ltr\" align=\"left\">m\u00e1x. chuck raio de mesa<\/p>\n<\/td>\n<td valign=\"top\" width=\"27%\" height=\"12\">\n<p dir=\"ltr\" align=\"left\">680 mil\u00edmetros<\/p>\n<\/td>\n<\/tr>\n<tr>\n<td valign=\"top\" width=\"73%\" height=\"11\">\n<p dir=\"ltr\" align=\"left\">m\u00e1x. chuck dist\u00e2ncia para a base<\/p>\n<\/td>\n<td valign=\"top\" width=\"27%\" height=\"11\">\n<p dir=\"ltr\" align=\"left\">1,160 mil\u00edmetros<\/p>\n<\/td>\n<\/tr>\n<tr>\n<td valign=\"top\" width=\"73%\" height=\"4\">\n<p dir=\"ltr\" align=\"left\">altura total<\/p>\n<\/td>\n<td valign=\"top\" width=\"27%\" height=\"4\">\n<p dir=\"ltr\" align=\"left\">1710 mil\u00edmetros<\/p>\n<\/td>\n<\/tr>\n<tr>\n<td valign=\"top\" width=\"73%\" height=\"4\">\n<p dir=\"ltr\" align=\"left\">dimens\u00f5es da\u00a0mesa<\/p>\n<\/td>\n<td valign=\"top\" width=\"27%\" height=\"4\">\n<p dir=\"ltr\" align=\"left\">475x420mm<\/p>\n<\/td>\n<\/tr>\n<tr>\n<td valign=\"top\" width=\"73%\" height=\"4\">\n<p dir=\"ltr\" align=\"left\">base<\/p>\n<\/td>\n<td valign=\"top\" width=\"27%\" height=\"4\">\n<p dir=\"ltr\" align=\"left\">580x450mm<\/p>\n<\/td>\n<\/tr>\n<tr>\n<td valign=\"top\" width=\"73%\" height=\"4\">\n<p dir=\"ltr\" align=\"left\">Pot\u00eancia do motor S1 (100%) \/ S6<\/p>\n<\/td>\n<td valign=\"top\" width=\"27%\" height=\"4\">\n<p dir=\"ltr\" align=\"left\">(Motor 2-step)<\/p>\n<p dir=\"ltr\" align=\"left\">700 \/ 1100W \/\/ 1,5 \/ 2,2kW<\/p>\n<\/td>\n<\/tr>\n<tr>\n<td valign=\"top\" width=\"73%\" height=\"4\">\n<p dir=\"ltr\" align=\"left\">peso l\u00edquido<\/p>\n<\/td>\n<td valign=\"top\" width=\"27%\" height=\"4\">\n<p dir=\"ltr\" align=\"left\">143 kg<\/p>\n<\/td>\n<\/tr>\n<tr>\n<td valign=\"top\" width=\"73%\" height=\"16\">\n<p dir=\"ltr\" align=\"left\">Dimens\u00f5es (CxLxA)<\/p>\n<\/td>\n<td valign=\"top\" width=\"27%\" height=\"16\">\n<p dir=\"ltr\" align=\"left\">570x870x1710 mm<\/p>\n<\/td>\n<\/tr>\n<tr>\n<td valign=\"top\" width=\"73%\" height=\"19\">\n<p dir=\"ltr\" align=\"left\">dimens\u00f5es (CxLxA)<\/p>\n<\/td>\n<td valign=\"top\" width=\"27%\" height=\"19\">\n<p dir=\"ltr\" align=\"left\">330x1475x650 mm<\/p>\n<\/td>\n<\/tr>\n<\/tbody>\n<\/table>\n<p><\/p>","protected":false},"excerpt":{"rendered":"<p>Engenho de furar de Coluna apresenta base s\u00f3lida retificada com T-nuts do motor de alum\u00ednio de acordo com IP54 resistente \u00e0 tor\u00e7\u00e3o, s\u00f3lida e coluna de a\u00e7o polido a mesa de trabalho \u00e9 inclin\u00e1vel de-45 \u00b0 a + 45 \u00b0 e gira 360 \u00b0 em torno do centro de mesa e coluna tampa de prote\u00e7\u00e3o [&hellip;]<\/p>\n","protected":false},"featured_media":7773,"comment_status":"open","ping_status":"closed","template":"","meta":[],"product_brand":[],"product_cat":[1807],"product_tag":[4168,4163,4158,4159,4165,4155,4166,4164,4161,4162,4160,4156,4157,4167,1822,1814],"class_list":{"0":"post-7763","1":"product","2":"type-product","3":"status-publish","4":"has-post-thumbnail","6":"product_cat-engenhos-de-furar","7":"product_tag-coluna-de-furar","8":"product_tag-drilling-machine","9":"product_tag-engenho-de-furar-custojusto","10":"product_tag-engenho-de-furar-de-bancada","11":"product_tag-engenho-de-furar-de-coluna","12":"product_tag-engenho-de-furar-de-coluna-novos","13":"product_tag-engenho-de-furar-de-coluna-olx","14":"product_tag-engenho-de-furar-leroymerlin","15":"product_tag-engenho-de-furar-monofasico","16":"product_tag-engenho-de-furar-olx","17":"product_tag-engenho-de-furar-radial","18":"product_tag-engenho-furar-kuantokusta","19":"product_tag-engenho-furar-magnetico","20":"product_tag-engenhos-de-furar-de-coluna","21":"product_tag-engenhos-de-furar-olx","22":"product_tag-taladro","23":"product_shipping_class-maquinas-pequenas","25":"first","26":"onbackorder","27":"taxable","28":"shipping-taxable","29":"purchasable","30":"product-type-simple"},"_links":{"self":[{"href":"https:\/\/occasionmachines.com\/pt\/wp-json\/wp\/v2\/product\/7763","targetHints":{"allow":["GET"]}}],"collection":[{"href":"https:\/\/occasionmachines.com\/pt\/wp-json\/wp\/v2\/product"}],"about":[{"href":"https:\/\/occasionmachines.com\/pt\/wp-json\/wp\/v2\/types\/product"}],"replies":[{"embeddable":true,"href":"https:\/\/occasionmachines.com\/pt\/wp-json\/wp\/v2\/comments?post=7763"}],"wp:featuredmedia":[{"embeddable":true,"href":"https:\/\/occasionmachines.com\/pt\/wp-json\/wp\/v2\/media\/7773"}],"wp:attachment":[{"href":"https:\/\/occasionmachines.com\/pt\/wp-json\/wp\/v2\/media?parent=7763"}],"wp:term":[{"taxonomy":"product_brand","embeddable":true,"href":"https:\/\/occasionmachines.com\/pt\/wp-json\/wp\/v2\/product_brand?post=7763"},{"taxonomy":"product_cat","embeddable":true,"href":"https:\/\/occasionmachines.com\/pt\/wp-json\/wp\/v2\/product_cat?post=7763"},{"taxonomy":"product_tag","embeddable":true,"href":"https:\/\/occasionmachines.com\/pt\/wp-json\/wp\/v2\/product_tag?post=7763"}],"curies":[{"name":"wp","href":"https:\/\/api.w.org\/{rel}","templated":true}]}}