{"id":7828,"date":"2016-09-20T18:16:19","date_gmt":"2016-09-20T17:16:19","guid":{"rendered":"http:\/\/occasionmachines.com\/?post_type=product&#038;p=7828"},"modified":"2025-03-07T18:26:02","modified_gmt":"2025-03-07T18:26:02","slug":"engenho-de-furar-3","status":"publish","type":"product","link":"https:\/\/occasionmachines.com\/pt\/produto\/engenho-de-furar-3\/","title":{"rendered":"Engenho de furar Holzmann Z3032X7P_400V"},"content":{"rendered":"<p><\/p>\n<ul dir=\"ltr\">\n<li>\n<div align=\"left\">Engenho de furar\u00a0radial pesado completo com mesa de dados<\/div>\n<\/li>\n<li>\n<div align=\"left\">M\u00e1xima flexibilidade atrav\u00e9s da cabe\u00e7a que pode rodar e esta tamb\u00e9m \u00e9 regul\u00e1vel em altura<\/div>\n<\/li>\n<li>\n<div align=\"left\">Projec\u00e7\u00e3o em grande volante facilmente ajust\u00e1vel<\/div>\n<\/li>\n<li>\n<div align=\"left\">padr\u00e3o bomba de refrigera\u00e7\u00e3o<\/div>\n<\/li>\n<li>\n<div align=\"left\">Alimenta\u00e7\u00e3o vertical autom\u00e1tica desconect\u00e1vel em tr\u00eas velocidades diferentes<\/div>\n<\/li>\n<li>\n<div align=\"left\">Ideal para manipula\u00e7\u00e3o de pe\u00e7as de trabalho severas e volumosos<\/div>\n<\/li>\n<li>\n<div align=\"left\">Grossa principal pilar polido garante alta estabilidade<\/div>\n<\/li>\n<\/ul>\n<table dir=\"ltr\" border=\"1\" width=\"321\" cellspacing=\"0\">\n<tbody>\n<tr>\n<td valign=\"top\" width=\"69%\" height=\"4\">\n<p dir=\"ltr\" align=\"left\">m\u00e1x. Perfura\u00e7\u00e3o \/ max.capacidade de perfura\u00e7\u00e3o<\/p>\n<\/td>\n<td valign=\"top\" width=\"31%\" height=\"4\">\n<p dir=\"ltr\" align=\"left\">\u00d832&#215;150 mm<\/p>\n<\/td>\n<\/tr>\n<tr>\n<td valign=\"top\" width=\"69%\" height=\"11\">\n<p dir=\"ltr\" align=\"left\">cone do eixo<\/p>\n<\/td>\n<td valign=\"top\" width=\"31%\" height=\"11\">\n<p dir=\"ltr\" align=\"left\">MK3<\/p>\n<\/td>\n<\/tr>\n<tr>\n<td valign=\"top\" width=\"69%\" height=\"4\">\n<p dir=\"ltr\" align=\"left\">rota\u00e7\u00f5es<\/p>\n<\/td>\n<td valign=\"top\" width=\"31%\" height=\"4\">\n<p dir=\"ltr\" align=\"left\">100-1600 L \/ min<\/p>\n<\/td>\n<\/tr>\n<tr>\n<td valign=\"top\" width=\"69%\" height=\"4\">\n<p dir=\"ltr\" align=\"left\">garganta<\/p>\n<\/td>\n<td valign=\"top\" width=\"31%\" height=\"4\">\n<p dir=\"ltr\" align=\"left\">300-700 mm<\/p>\n<\/td>\n<\/tr>\n<tr>\n<td valign=\"top\" width=\"69%\" height=\"4\">\n<p dir=\"ltr\" align=\"left\">m\u00e1x. Dist\u00e2ncia do eixo \u00e0 tabela<\/p>\n<\/td>\n<td valign=\"top\" width=\"31%\" height=\"4\">\n<p dir=\"ltr\" align=\"left\">640 mm<\/p>\n<\/td>\n<\/tr>\n<tr>\n<td valign=\"top\" width=\"69%\" height=\"4\">\n<p dir=\"ltr\" align=\"left\">di\u00e2metro da coluna<\/p>\n<\/td>\n<td valign=\"top\" width=\"31%\" height=\"4\">\n<p dir=\"ltr\" align=\"left\">150 mm<\/p>\n<\/td>\n<\/tr>\n<tr>\n<td valign=\"top\" width=\"69%\" height=\"4\">\n<p dir=\"ltr\" align=\"left\">O desempenho do motor S6<\/p>\n<\/td>\n<td valign=\"top\" width=\"31%\" height=\"4\">\n<p dir=\"ltr\" align=\"left\">1.4kW<\/p>\n<\/td>\n<\/tr>\n<tr>\n<td valign=\"top\" width=\"69%\" height=\"11\">\n<p dir=\"ltr\" align=\"left\">tens\u00e3o da rede<\/p>\n<\/td>\n<td valign=\"top\" width=\"31%\" height=\"11\">\n<p dir=\"ltr\" align=\"left\">400 V<\/p>\n<\/td>\n<\/tr>\n<tr>\n<td valign=\"top\" width=\"69%\" height=\"4\">\n<p dir=\"ltr\" align=\"left\">ca. peso<\/p>\n<\/td>\n<td valign=\"top\" width=\"31%\" height=\"4\">\n<p dir=\"ltr\" align=\"left\">560 kg<\/p>\n<\/td>\n<\/tr>\n<tr>\n<td valign=\"top\" width=\"69%\" height=\"4\">\n<p dir=\"ltr\" align=\"left\">dimens\u00f5es da embalagem<\/p>\n<\/td>\n<td valign=\"top\" width=\"31%\" height=\"4\">\n<p dir=\"ltr\" align=\"left\">1380x1270x690mm<\/p>\n<\/td>\n<\/tr>\n<\/tbody>\n<\/table>\n<p><\/p>","protected":false},"excerpt":{"rendered":"<p>Engenho de furar\u00a0radial pesado completo com mesa de dados M\u00e1xima flexibilidade atrav\u00e9s da cabe\u00e7a que pode rodar e esta tamb\u00e9m \u00e9 regul\u00e1vel em altura Projec\u00e7\u00e3o em grande volante facilmente ajust\u00e1vel padr\u00e3o bomba de refrigera\u00e7\u00e3o Alimenta\u00e7\u00e3o vertical autom\u00e1tica desconect\u00e1vel em tr\u00eas velocidades diferentes Ideal para manipula\u00e7\u00e3o de pe\u00e7as de trabalho severas e volumosos Grossa principal pilar [&hellip;]<\/p>\n","protected":false},"featured_media":7829,"comment_status":"open","ping_status":"closed","template":"","meta":[],"product_brand":[],"product_cat":[1807],"product_tag":[4223,4163,4220,4218,4167,4216,4219,1822,4217,4221,4222],"class_list":{"0":"post-7828","1":"product","2":"type-product","3":"status-publish","4":"has-post-thumbnail","6":"product_cat-engenhos-de-furar","7":"product_tag-bohrmaschine","8":"product_tag-drilling-machine","9":"product_tag-drilling-machine-new","10":"product_tag-engenhos-de-furar-de-bancada","11":"product_tag-engenhos-de-furar-de-coluna","12":"product_tag-engenhos-de-furar-novo","13":"product_tag-engenhos-de-furar-novo-olx","14":"product_tag-engenhos-de-furar-olx","15":"product_tag-engenhos-de-furar-preco","16":"product_tag-taladro-nuevo","17":"product_tag-taladros","18":"product_shipping_class-maquinas-medias","20":"first","21":"onbackorder","22":"taxable","23":"shipping-taxable","24":"purchasable","25":"product-type-simple"},"_links":{"self":[{"href":"https:\/\/occasionmachines.com\/pt\/wp-json\/wp\/v2\/product\/7828","targetHints":{"allow":["GET"]}}],"collection":[{"href":"https:\/\/occasionmachines.com\/pt\/wp-json\/wp\/v2\/product"}],"about":[{"href":"https:\/\/occasionmachines.com\/pt\/wp-json\/wp\/v2\/types\/product"}],"replies":[{"embeddable":true,"href":"https:\/\/occasionmachines.com\/pt\/wp-json\/wp\/v2\/comments?post=7828"}],"wp:featuredmedia":[{"embeddable":true,"href":"https:\/\/occasionmachines.com\/pt\/wp-json\/wp\/v2\/media\/7829"}],"wp:attachment":[{"href":"https:\/\/occasionmachines.com\/pt\/wp-json\/wp\/v2\/media?parent=7828"}],"wp:term":[{"taxonomy":"product_brand","embeddable":true,"href":"https:\/\/occasionmachines.com\/pt\/wp-json\/wp\/v2\/product_brand?post=7828"},{"taxonomy":"product_cat","embeddable":true,"href":"https:\/\/occasionmachines.com\/pt\/wp-json\/wp\/v2\/product_cat?post=7828"},{"taxonomy":"product_tag","embeddable":true,"href":"https:\/\/occasionmachines.com\/pt\/wp-json\/wp\/v2\/product_tag?post=7828"}],"curies":[{"name":"wp","href":"https:\/\/api.w.org\/{rel}","templated":true}]}}