{"id":7830,"date":"2016-09-20T18:29:13","date_gmt":"2016-09-20T17:29:13","guid":{"rendered":"http:\/\/occasionmachines.com\/?post_type=product&#038;p=7830"},"modified":"2025-03-07T18:25:46","modified_gmt":"2025-03-07T18:25:46","slug":"engenho-de-furar-4","status":"publish","type":"product","link":"https:\/\/occasionmachines.com\/pt\/produto\/engenho-de-furar-4\/","title":{"rendered":"Engenho de furar Holzmann ZS40HS_400V"},"content":{"rendered":"<p><\/p>\n<ul dir=\"ltr\">\n<li>\n<div align=\"left\">Grande girat\u00f3ria e mesa de ferro fundido altura ajust\u00e1vel para o processamento de pe\u00e7as pesadas.<\/div>\n<\/li>\n<li>\n<div align=\"left\">Guias de T-slot (14mm) na tabela a broca permitem a fixa\u00e7\u00e3o v. Vices etc.<\/div>\n<\/li>\n<li>\n<div align=\"left\">Flexibilidade m\u00e1xima atrav\u00e9s rotativo e altura.<\/div>\n<\/li>\n<li>\n<div align=\"left\">Com cortador de linha autom\u00e1tica e rota\u00e7\u00e3o direita esquerda.<\/div>\n<\/li>\n<li>\n<div align=\"left\">Ajuste Quill via volante de tr\u00eas e precis\u00e3o com escala de profundidade.<\/div>\n<\/li>\n<li>\n<div align=\"left\">Engrenagem banho de \u00f3leo ber\u00e4dern com terra e endureceu Getrie.<\/div>\n<\/li>\n<li>\n<div align=\"left\">Base s\u00f3lida para uma boa estabilidade.<\/div>\n<\/li>\n<li>\n<div align=\"left\">Potente motor garante uma elevada capacidade de perfura\u00e7\u00e3o.<\/div>\n<\/li>\n<li>\n<div align=\"left\">Coluna de perfura\u00e7\u00e3o r\u00edgido com superf\u00edcie do solo.<\/div>\n<\/li>\n<\/ul>\n<p>&nbsp;<\/p>\n<table dir=\"ltr\" style=\"height: 1006px;\" border=\"1\" width=\"1058\" cellspacing=\"0\">\n<tbody>\n<tr>\n<td valign=\"top\" width=\"70%\" height=\"4\">\n<p dir=\"ltr\" align=\"left\">m\u00e1x. Capacidade da perfura\u00e7\u00e3o no a\u00e7o<\/p>\n<\/td>\n<td valign=\"top\" width=\"30%\" height=\"4\">\n<p dir=\"ltr\" align=\"left\">40 mm<\/p>\n<\/td>\n<\/tr>\n<tr>\n<td valign=\"top\" width=\"70%\" height=\"19\">\n<p dir=\"ltr\" align=\"left\">cone do eixo<\/p>\n<\/td>\n<td valign=\"top\" width=\"30%\" height=\"19\">\n<p dir=\"ltr\" align=\"left\">MK4 \/ MT4<\/p>\n<\/td>\n<\/tr>\n<tr>\n<td valign=\"top\" width=\"70%\" height=\"4\">\n<p dir=\"ltr\" align=\"left\">rota\u00e7\u00f5es<\/p>\n<\/td>\n<td valign=\"top\" width=\"30%\" height=\"4\">\n<p dir=\"ltr\" align=\"left\">95-1600 L \/ min \/ rpm<\/p>\n<\/td>\n<\/tr>\n<tr>\n<td valign=\"top\" width=\"70%\" height=\"4\">\n<p dir=\"ltr\" align=\"left\">franzir<\/p>\n<\/td>\n<td valign=\"top\" width=\"30%\" height=\"4\">\n<p dir=\"ltr\" align=\"left\">120 mm<\/p>\n<\/td>\n<\/tr>\n<tr>\n<td valign=\"top\" width=\"70%\" height=\"4\">\n<p dir=\"ltr\" align=\"left\">perfura\u00e7\u00e3o<\/p>\n<\/td>\n<td valign=\"top\" width=\"30%\" height=\"4\">\n<p dir=\"ltr\" align=\"left\">575&#215;354 mm<\/p>\n<\/td>\n<\/tr>\n<tr>\n<td valign=\"top\" width=\"70%\" height=\"4\">\n<p dir=\"ltr\" align=\"left\">garganta<\/p>\n<\/td>\n<td valign=\"top\" width=\"30%\" height=\"4\">\n<p dir=\"ltr\" align=\"left\">272,5 mm<\/p>\n<\/td>\n<\/tr>\n<tr>\n<td valign=\"top\" width=\"70%\" height=\"4\">\n<p dir=\"ltr\" align=\"left\">m\u00e1x. Dist\u00e2ncia do eixo \u00e0 tabela<\/p>\n<\/td>\n<td valign=\"top\" width=\"30%\" height=\"4\">\n<p dir=\"ltr\" align=\"left\">380 mm<\/p>\n<\/td>\n<\/tr>\n<tr>\n<td valign=\"top\" width=\"70%\" height=\"4\">\n<p dir=\"ltr\" align=\"left\">Dist\u00e2ncia do eixo \u00e0 placa de base<\/p>\n<\/td>\n<td valign=\"top\" width=\"30%\" height=\"4\">\n<p dir=\"ltr\" align=\"left\">1230 mil\u00edmetros<\/p>\n<\/td>\n<\/tr>\n<tr>\n<td valign=\"top\" width=\"70%\" height=\"4\">\n<p dir=\"ltr\" align=\"left\">altura global<\/p>\n<\/td>\n<td valign=\"top\" width=\"30%\" height=\"4\">\n<p dir=\"ltr\" align=\"left\">2120 mil\u00edmetros<\/p>\n<\/td>\n<\/tr>\n<tr>\n<td valign=\"top\" width=\"70%\" height=\"4\">\n<p dir=\"ltr\" align=\"left\">di\u00e2metro da coluna<\/p>\n<\/td>\n<td valign=\"top\" width=\"30%\" height=\"4\">\n<p dir=\"ltr\" align=\"left\">115 mm<\/p>\n<\/td>\n<\/tr>\n<tr>\n<td valign=\"top\" width=\"70%\" height=\"4\">\n<p dir=\"ltr\" align=\"left\">Pot\u00eancia do motor S1 (100%) \/ S6<\/p>\n<\/td>\n<td valign=\"top\" width=\"30%\" height=\"4\">\n<p dir=\"ltr\" align=\"left\">1,1 kW \/ 1,5 kW<\/p>\n<\/td>\n<\/tr>\n<tr>\n<td valign=\"top\" width=\"70%\" height=\"11\">\n<p dir=\"ltr\" align=\"left\">tens\u00e3o da rede<\/p>\n<\/td>\n<td valign=\"top\" width=\"30%\" height=\"11\">\n<p dir=\"ltr\" align=\"left\">400 V<\/p>\n<\/td>\n<\/tr>\n<tr>\n<td valign=\"top\" width=\"70%\" height=\"4\">\n<p dir=\"ltr\" align=\"left\">aprox peso l\u00edquido<\/p>\n<\/td>\n<td valign=\"top\" width=\"30%\" height=\"4\">\n<p dir=\"ltr\" align=\"left\">265 kg<\/p>\n<\/td>\n<\/tr>\n<tr>\n<td valign=\"top\" width=\"70%\" height=\"4\">\n<p dir=\"ltr\" align=\"left\">peso do transporte<\/p>\n<\/td>\n<td valign=\"top\" width=\"30%\" height=\"4\">\n<p dir=\"ltr\" align=\"left\">350 kg<\/p>\n<\/td>\n<\/tr>\n<tr>\n<td valign=\"top\" width=\"70%\" height=\"11\">\n<p dir=\"ltr\" align=\"left\">dimens\u00f5es da embalagem<\/p>\n<\/td>\n<td valign=\"top\" width=\"30%\" height=\"11\">\n<p dir=\"ltr\" align=\"left\">1960x600x730mm<\/p>\n<\/td>\n<\/tr>\n<\/tbody>\n<\/table>\n<p><\/p>","protected":false},"excerpt":{"rendered":"<p>Grande girat\u00f3ria e mesa de ferro fundido altura ajust\u00e1vel para o processamento de pe\u00e7as pesadas. Guias de T-slot (14mm) na tabela a broca permitem a fixa\u00e7\u00e3o v. Vices etc. Flexibilidade m\u00e1xima atrav\u00e9s rotativo e altura. Com cortador de linha autom\u00e1tica e rota\u00e7\u00e3o direita esquerda. Ajuste Quill via volante de tr\u00eas e precis\u00e3o com escala de [&hellip;]<\/p>\n","protected":false},"featured_media":7831,"comment_status":"open","ping_status":"closed","template":"","meta":[],"product_brand":[],"product_cat":[1807],"product_tag":[4163,4220,4224,4218,4167,4216,4219,1822,4217,4221,4222],"class_list":{"0":"post-7830","1":"product","2":"type-product","3":"status-publish","4":"has-post-thumbnail","6":"product_cat-engenhos-de-furar","7":"product_tag-drilling-machine","8":"product_tag-drilling-machine-new","9":"product_tag-drilling-machine-parts","10":"product_tag-engenhos-de-furar-de-bancada","11":"product_tag-engenhos-de-furar-de-coluna","12":"product_tag-engenhos-de-furar-novo","13":"product_tag-engenhos-de-furar-novo-olx","14":"product_tag-engenhos-de-furar-olx","15":"product_tag-engenhos-de-furar-preco","16":"product_tag-taladro-nuevo","17":"product_tag-taladros","18":"product_shipping_class-maquinas-pequenas","20":"first","21":"onbackorder","22":"taxable","23":"shipping-taxable","24":"purchasable","25":"product-type-simple"},"_links":{"self":[{"href":"https:\/\/occasionmachines.com\/pt\/wp-json\/wp\/v2\/product\/7830","targetHints":{"allow":["GET"]}}],"collection":[{"href":"https:\/\/occasionmachines.com\/pt\/wp-json\/wp\/v2\/product"}],"about":[{"href":"https:\/\/occasionmachines.com\/pt\/wp-json\/wp\/v2\/types\/product"}],"replies":[{"embeddable":true,"href":"https:\/\/occasionmachines.com\/pt\/wp-json\/wp\/v2\/comments?post=7830"}],"wp:featuredmedia":[{"embeddable":true,"href":"https:\/\/occasionmachines.com\/pt\/wp-json\/wp\/v2\/media\/7831"}],"wp:attachment":[{"href":"https:\/\/occasionmachines.com\/pt\/wp-json\/wp\/v2\/media?parent=7830"}],"wp:term":[{"taxonomy":"product_brand","embeddable":true,"href":"https:\/\/occasionmachines.com\/pt\/wp-json\/wp\/v2\/product_brand?post=7830"},{"taxonomy":"product_cat","embeddable":true,"href":"https:\/\/occasionmachines.com\/pt\/wp-json\/wp\/v2\/product_cat?post=7830"},{"taxonomy":"product_tag","embeddable":true,"href":"https:\/\/occasionmachines.com\/pt\/wp-json\/wp\/v2\/product_tag?post=7830"}],"curies":[{"name":"wp","href":"https:\/\/api.w.org\/{rel}","templated":true}]}}