{"id":7906,"date":"2016-10-06T17:56:44","date_gmt":"2016-10-06T16:56:44","guid":{"rendered":"http:\/\/occasionmachines.com\/?post_type=product&#038;p=7906"},"modified":"2025-03-07T18:23:05","modified_gmt":"2025-03-07T18:23:05","slug":"retificadora-2","status":"publish","type":"product","link":"https:\/\/occasionmachines.com\/pt\/produto\/retificadora-2\/","title":{"rendered":"Retificadora Afiadora Holzmann UWS320_400V"},"content":{"rendered":"<p><\/p>\n<h3>detalhes t\u00e9cnicos<\/h3>\n<div class=\"row groupRow\">\n<div class=\"zusatzInfo\">\n<div class=\"col-sm-6 col-xs-6\">\n<div class=\"border-bottom-dotted\"><strong>dados do motor<\/strong><\/div>\n<\/div>\n<div class=\"clearfix\"><\/div>\n<\/div>\n<\/div>\n<div class=\"row\">\n<div class=\"zusatzInfo\">\n<div class=\"col-sm-6 col-xs-6\">\n<div class=\"border-bottom-dotted\">S1 pot\u00eancia do motor em W<\/div>\n<\/div>\n<div class=\"col-sm-6 col-xs-6\">\n<div class=\"border-bottom-dotted\">180<\/div>\n<\/div>\n<div class=\"clearfix\"><\/div>\n<\/div>\n<\/div>\n<div class=\"row\">\n<div class=\"zusatzInfo\">\n<div class=\"col-sm-6 col-xs-6\">\n<div class=\"border-bottom-dotted\">tens\u00e3o<\/div>\n<\/div>\n<div class=\"col-sm-6 col-xs-6\">\n<div class=\"border-bottom-dotted\">400V<\/div>\n<\/div>\n<div class=\"clearfix\"><\/div>\n<\/div>\n<\/div>\n<div class=\"row groupRow\">\n<div class=\"zusatzInfo\">\n<div class=\"col-sm-6 col-xs-6\">\n<div class=\"border-bottom-dotted\"><strong>peso<\/strong><\/div>\n<\/div>\n<div class=\"clearfix\"><\/div>\n<\/div>\n<\/div>\n<div class=\"row\">\n<div class=\"zusatzInfo\">\n<div class=\"col-sm-6 col-xs-6\">\n<div class=\"border-bottom-dotted\">peso bruto em kg<\/div>\n<\/div>\n<div class=\"col-sm-6 col-xs-6\">\n<div class=\"border-bottom-dotted\">265<\/div>\n<\/div>\n<div class=\"clearfix\"><\/div>\n<\/div>\n<\/div>\n<div class=\"row\">\n<div class=\"zusatzInfo\">\n<div class=\"col-sm-6 col-xs-6\">\n<div class=\"border-bottom-dotted\">Peso l\u00edquido em kg<\/div>\n<\/div>\n<div class=\"col-sm-6 col-xs-6\">\n<div class=\"border-bottom-dotted\">201<\/div>\n<\/div>\n<div class=\"clearfix\"><\/div>\n<\/div>\n<\/div>\n<div class=\"row groupRow\">\n<div class=\"zusatzInfo\">\n<div class=\"col-sm-6 col-xs-6\">\n<div class=\"border-bottom-dotted\"><strong>Dimens\u00f5es da embalagem<\/strong><\/div>\n<\/div>\n<div class=\"clearfix\"><\/div>\n<\/div>\n<\/div>\n<div class=\"row\">\n<div class=\"zusatzInfo\">\n<div class=\"col-sm-6 col-xs-6\">\n<div class=\"border-bottom-dotted\">Largura em mm<\/div>\n<\/div>\n<div class=\"col-sm-6 col-xs-6\">\n<div class=\"border-bottom-dotted\">720<\/div>\n<\/div>\n<div class=\"clearfix\"><\/div>\n<\/div>\n<\/div>\n<div class=\"row\">\n<div class=\"zusatzInfo\">\n<div class=\"col-sm-6 col-xs-6\">\n<div class=\"border-bottom-dotted\">Comprimento em mm<\/div>\n<\/div>\n<div class=\"col-sm-6 col-xs-6\">\n<div class=\"border-bottom-dotted\">1090<\/div>\n<\/div>\n<div class=\"clearfix\"><\/div>\n<\/div>\n<\/div>\n<div class=\"row\">\n<div class=\"zusatzInfo\">\n<div class=\"col-sm-6 col-xs-6\">\n<div class=\"border-bottom-dotted\">Altura em mm<\/div>\n<\/div>\n<div class=\"col-sm-6 col-xs-6\">\n<div class=\"border-bottom-dotted\">930<\/div>\n<\/div>\n<\/div>\n<\/div>\n<p><\/p>","protected":false},"excerpt":{"rendered":"<p>detalhes t\u00e9cnicos dados do motor S1 pot\u00eancia do motor em W 180 tens\u00e3o 400V peso peso bruto em kg 265 Peso l\u00edquido em kg 201 Dimens\u00f5es da embalagem Largura em mm 720 Comprimento em mm 1090 Altura em mm 930<\/p>\n","protected":false},"featured_media":7907,"comment_status":"closed","ping_status":"closed","template":"","meta":[],"product_brand":[],"product_cat":[4108],"product_tag":[4109,4516,4515,4514,4307,4312,4313,4311,4310,4308,4309,4305,4293,3791,4295,4296,4297,4513,4298,4300,4299,4301,4302,4303,4294,4304,4291,3792,4292,4306],"class_list":{"0":"post-7906","1":"product","2":"type-product","3":"status-publish","4":"has-post-thumbnail","6":"product_cat-afiadoras","7":"product_tag-afiadora","8":"product_tag-afiadora-de-ferramentas","9":"product_tag-afiadora-de-pecas","10":"product_tag-afiar-pecas","11":"product_tag-grinding-machine","12":"product_tag-grinding-machine-accessories","13":"product_tag-grinding-machine-buy","14":"product_tag-grinding-machine-for-sale","15":"product_tag-grinding-machine-manufacturers","16":"product_tag-grinding-machine-pdf","17":"product_tag-grinding-machine-price","18":"product_tag-quality-retificadora","19":"product_tag-rectificadora-moderna","20":"product_tag-retificadora","21":"product_tag-retificadora-a-ar","22":"product_tag-retificadora-a-ar-comprimido","23":"product_tag-retificadora-a-venda","24":"product_tag-retificadora-afiadora","25":"product_tag-retificadora-bosch","26":"product_tag-retificadora-cilindrica-universal","27":"product_tag-retificadora-cnc","28":"product_tag-retificadora-de-planos","29":"product_tag-retificadora-de-superficies-planas","30":"product_tag-retificadora-maquina","31":"product_tag-retificadora-nova","32":"product_tag-retificadora-olx","33":"product_tag-retificadora-plana","34":"product_tag-retificadoras","35":"product_tag-retificadoras-planas-usadas","36":"product_tag-retificadoras-zona-centro","38":"first","39":"onbackorder","40":"taxable","41":"shipping-taxable","42":"purchasable","43":"product-type-simple"},"_links":{"self":[{"href":"https:\/\/occasionmachines.com\/pt\/wp-json\/wp\/v2\/product\/7906","targetHints":{"allow":["GET"]}}],"collection":[{"href":"https:\/\/occasionmachines.com\/pt\/wp-json\/wp\/v2\/product"}],"about":[{"href":"https:\/\/occasionmachines.com\/pt\/wp-json\/wp\/v2\/types\/product"}],"replies":[{"embeddable":true,"href":"https:\/\/occasionmachines.com\/pt\/wp-json\/wp\/v2\/comments?post=7906"}],"wp:featuredmedia":[{"embeddable":true,"href":"https:\/\/occasionmachines.com\/pt\/wp-json\/wp\/v2\/media\/7907"}],"wp:attachment":[{"href":"https:\/\/occasionmachines.com\/pt\/wp-json\/wp\/v2\/media?parent=7906"}],"wp:term":[{"taxonomy":"product_brand","embeddable":true,"href":"https:\/\/occasionmachines.com\/pt\/wp-json\/wp\/v2\/product_brand?post=7906"},{"taxonomy":"product_cat","embeddable":true,"href":"https:\/\/occasionmachines.com\/pt\/wp-json\/wp\/v2\/product_cat?post=7906"},{"taxonomy":"product_tag","embeddable":true,"href":"https:\/\/occasionmachines.com\/pt\/wp-json\/wp\/v2\/product_tag?post=7906"}],"curies":[{"name":"wp","href":"https:\/\/api.w.org\/{rel}","templated":true}]}}