{"id":7941,"date":"2016-10-07T17:06:26","date_gmt":"2016-10-07T16:06:26","guid":{"rendered":"http:\/\/occasionmachines.com\/loja\/%product_cat%\/maquina-de-dobrar-tubo-2\/"},"modified":"2025-03-07T18:21:30","modified_gmt":"2025-03-07T18:21:30","slug":"maquina-de-dobrar-tubo-3","status":"publish","type":"product","link":"https:\/\/occasionmachines.com\/pt\/produto\/maquina-de-dobrar-tubo-3\/","title":{"rendered":"M\u00e1quina de dobrar tubos Holzmann RBM30_400V"},"content":{"rendered":"<p><\/p>\n<h3>Detalhes t\u00e9cnicos<\/h3>\n<div class=\"row groupRow\">\n<div class=\"zusatzInfo\">\n<div class=\"col-sm-6 col-xs-6\">\n<div class=\"border-bottom-dotted\"><strong>Folha de trabalho do metal<\/strong><\/div>\n<\/div>\n<div class=\"clearfix\"><\/div>\n<\/div>\n<\/div>\n<div class=\"row\">\n<div class=\"zusatzInfo\">\n<div class=\"col-sm-6 col-xs-6\">\n<div class=\"border-bottom-dotted\">M\u00e1x. di\u00e2metro de a\u00e7o redonda em mm 16<\/div>\n<\/div>\n<div class=\"clearfix\"><\/div>\n<\/div>\n<\/div>\n<div class=\"row\">\n<div class=\"zusatzInfo\">\n<div class=\"col-sm-6 col-xs-6\">\n<div class=\"border-bottom-dotted\">M\u00e1x. LxH , em mm 30&#215;10<\/div>\n<\/div>\n<div class=\"clearfix\"><\/div>\n<\/div>\n<\/div>\n<div class=\"row\">\n<div class=\"zusatzInfo\">\n<div class=\"col-sm-6 col-xs-6\">\n<div class=\"border-bottom-dotted\">M\u00e1x. espessura da parede em mm 1<\/div>\n<\/div>\n<div class=\"clearfix\"><\/div>\n<\/div>\n<\/div>\n<div class=\"row groupRow\">\n<div class=\"zusatzInfo\">\n<div class=\"col-sm-6 col-xs-6\">\n<div class=\"border-bottom-dotted\"><strong>Dados do motor<\/strong><\/div>\n<\/div>\n<div class=\"clearfix\"><\/div>\n<\/div>\n<\/div>\n<div class=\"row\">\n<div class=\"zusatzInfo\">\n<div class=\"col-sm-6 col-xs-6\">\n<div class=\"border-bottom-dotted\">S1 pot\u00eancia do motor em W 1100<\/div>\n<\/div>\n<div class=\"clearfix\"><\/div>\n<\/div>\n<\/div>\n<div class=\"row\">\n<div class=\"zusatzInfo\">\n<div class=\"col-sm-6 col-xs-6\">\n<div class=\"border-bottom-dotted\">S6 desempenho do motor em W 1600<\/div>\n<\/div>\n<div class=\"clearfix\"><\/div>\n<\/div>\n<\/div>\n<div class=\"row\">\n<div class=\"zusatzInfo\">\n<div class=\"col-sm-6 col-xs-6\">\n<div class=\"border-bottom-dotted\">Tens\u00e3o 400V<\/div>\n<\/div>\n<div class=\"clearfix\"><\/div>\n<\/div>\n<\/div>\n<div class=\"row groupRow\">\n<div class=\"zusatzInfo\">\n<div class=\"col-sm-6 col-xs-6\">\n<div class=\"border-bottom-dotted\"><strong>Peso<\/strong><\/div>\n<\/div>\n<div class=\"clearfix\"><\/div>\n<\/div>\n<\/div>\n<div class=\"row\">\n<div class=\"zusatzInfo\">\n<div class=\"col-sm-6 col-xs-6\">\n<div class=\"border-bottom-dotted\">Peso bruto em kg 320<\/div>\n<\/div>\n<div class=\"clearfix\"><\/div>\n<\/div>\n<\/div>\n<div class=\"row\">\n<div class=\"zusatzInfo\">\n<div class=\"col-sm-6 col-xs-6\">\n<div class=\"border-bottom-dotted\">Peso l\u00edquido em kg 270<\/div>\n<\/div>\n<div class=\"clearfix\"><\/div>\n<\/div>\n<\/div>\n<div class=\"row groupRow\">\n<div class=\"zusatzInfo\">\n<div class=\"col-sm-6 col-xs-6\">\n<div class=\"border-bottom-dotted\"><strong>Dimens\u00f5es da embalagem<\/strong><\/div>\n<\/div>\n<div class=\"clearfix\"><\/div>\n<\/div>\n<\/div>\n<div class=\"row\">\n<div class=\"zusatzInfo\">\n<div class=\"col-sm-6 col-xs-6\">\n<div class=\"border-bottom-dotted\">Largura em mm 600<\/div>\n<\/div>\n<div class=\"clearfix\"><\/div>\n<\/div>\n<\/div>\n<div class=\"row\">\n<div class=\"zusatzInfo\">\n<div class=\"col-sm-6 col-xs-6\">\n<div class=\"border-bottom-dotted\">Comprimento em mm 820<\/div>\n<\/div>\n<div class=\"clearfix\"><\/div>\n<\/div>\n<\/div>\n<div class=\"row\">\n<div class=\"zusatzInfo\">\n<div class=\"col-sm-6 col-xs-6\">\n<div class=\"border-bottom-dotted\">Altura em mm 1.250<\/div>\n<\/div>\n<\/div>\n<\/div>\n<p><\/p>","protected":false},"excerpt":{"rendered":"<p>Detalhes t\u00e9cnicos Folha de trabalho do metal M\u00e1x. di\u00e2metro de a\u00e7o redonda em mm 16 M\u00e1x. LxH , em mm 30&#215;10 M\u00e1x. espessura da parede em mm 1 Dados do motor S1 pot\u00eancia do motor em W 1100 S6 desempenho do motor em W 1600 Tens\u00e3o 400V Peso Peso bruto em kg 320 Peso l\u00edquido [&hellip;]<\/p>\n","protected":false},"featured_media":11101,"comment_status":"closed","ping_status":"closed","template":"","meta":[],"product_brand":[],"product_cat":[4332],"product_tag":[4355,4359,4356,4361,4360,4357,4358,4341,4346,4345,4347,4343,4344,4342,4334,4337,4335,4338,4340,4339,4333,4336,4348,4349,4352,4351,4353,4350,4354],"class_list":{"0":"post-7941","1":"product","2":"type-product","3":"status-publish","4":"has-post-thumbnail","6":"product_cat-maquinas-de-dobrar-tubos","7":"product_tag-curvadoras","8":"product_tag-curvadoras-de-tubo-cnc","9":"product_tag-curvadoras-de-tubos","10":"product_tag-curvadoras-de-tubos-electricas","11":"product_tag-curvadoras-de-tubos-hidraulicas","12":"product_tag-curvadoras-de-tubos-manuales","13":"product_tag-curvadoras-de-tubos-nuevas","14":"product_tag-maquina-de-curvar-tubo","15":"product_tag-maquina-de-curvar-tubo-cnc","16":"product_tag-maquina-de-curvar-tubo-custojusto","17":"product_tag-maquina-de-curvar-tubo-eletrica","18":"product_tag-maquina-de-curvar-tubo-manual","19":"product_tag-maquina-de-curvar-tubo-quadrado","20":"product_tag-maquina-de-curvar-tubo-usada","21":"product_tag-maquina-de-curvar-tubos","22":"product_tag-maquina-de-curvar-tubos-holzmann","23":"product_tag-maquina-de-curvar-tubos-manual","24":"product_tag-maquina-de-curvar-tubos-manual-usada","25":"product_tag-maquina-de-curvar-tubos-mercado-livre","26":"product_tag-maquina-de-curvar-tubos-nova","27":"product_tag-maquina-de-curvar-tubos-preco","28":"product_tag-maquina-de-curvar-tubos-usada","29":"product_tag-profilbiegemaschine","30":"product_tag-profilbiegemaschine-gebraucht","31":"product_tag-profilbiegemaschine-gebraucht-kaufen","32":"product_tag-profilbiegemaschine-manuell","33":"product_tag-profilbiegemaschine-selber-bauen","34":"product_tag-profilbiegemaschinen","35":"product_tag-profilbiegemaschinen-hersteller","36":"product_shipping_class-maquinas-medias","38":"first","39":"onbackorder","40":"taxable","41":"shipping-taxable","42":"purchasable","43":"product-type-simple"},"_links":{"self":[{"href":"https:\/\/occasionmachines.com\/pt\/wp-json\/wp\/v2\/product\/7941","targetHints":{"allow":["GET"]}}],"collection":[{"href":"https:\/\/occasionmachines.com\/pt\/wp-json\/wp\/v2\/product"}],"about":[{"href":"https:\/\/occasionmachines.com\/pt\/wp-json\/wp\/v2\/types\/product"}],"replies":[{"embeddable":true,"href":"https:\/\/occasionmachines.com\/pt\/wp-json\/wp\/v2\/comments?post=7941"}],"wp:featuredmedia":[{"embeddable":true,"href":"https:\/\/occasionmachines.com\/pt\/wp-json\/wp\/v2\/media\/11101"}],"wp:attachment":[{"href":"https:\/\/occasionmachines.com\/pt\/wp-json\/wp\/v2\/media?parent=7941"}],"wp:term":[{"taxonomy":"product_brand","embeddable":true,"href":"https:\/\/occasionmachines.com\/pt\/wp-json\/wp\/v2\/product_brand?post=7941"},{"taxonomy":"product_cat","embeddable":true,"href":"https:\/\/occasionmachines.com\/pt\/wp-json\/wp\/v2\/product_cat?post=7941"},{"taxonomy":"product_tag","embeddable":true,"href":"https:\/\/occasionmachines.com\/pt\/wp-json\/wp\/v2\/product_tag?post=7941"}],"curies":[{"name":"wp","href":"https:\/\/api.w.org\/{rel}","templated":true}]}}