{"id":7999,"date":"2016-10-09T23:10:02","date_gmt":"2016-10-09T22:10:02","guid":{"rendered":"http:\/\/occasionmachines.com\/loja\/%product_cat%\/guilhotina-electrica-2-2-2-2\/"},"modified":"2025-03-07T18:17:30","modified_gmt":"2025-03-07T18:17:30","slug":"guilhotina-manual-tbs2000","status":"publish","type":"product","link":"https:\/\/occasionmachines.com\/pt\/produto\/guilhotina-manual-tbs2000\/","title":{"rendered":"Guilhotina manual Holzmann TBS2000"},"content":{"rendered":"<p><\/p>\n<h3>detalhes t\u00e9cnicos<\/h3>\n<div class=\"row groupRow\">\n<div class=\"zusatzInfo\">\n<div class=\"col-sm-6 col-xs-6\">\n<div class=\"border-bottom-dotted\"><strong>servi\u00e7os de corte<\/strong><\/div>\n<\/div>\n<div class=\"clearfix\"><\/div>\n<\/div>\n<\/div>\n<div class=\"row\">\n<div class=\"zusatzInfo\">\n<div class=\"col-sm-6 col-xs-6\">\n<div class=\"border-bottom-dotted\">m\u00e1x. comprimento de corte de 90 \u00b0 em mm 2000<\/div>\n<\/div>\n<div class=\"clearfix\"><\/div>\n<\/div>\n<\/div>\n<div class=\"row groupRow\">\n<div class=\"zusatzInfo\">\n<div class=\"col-sm-6 col-xs-6\">\n<div class=\"border-bottom-dotted\"><strong>folha de trabalho do metal<\/strong><\/div>\n<\/div>\n<div class=\"clearfix\"><\/div>\n<\/div>\n<\/div>\n<div class=\"row\">\n<div class=\"zusatzInfo\">\n<div class=\"col-sm-6 col-xs-6\">\n<div class=\"border-bottom-dotted\">m\u00e1x. espessura da chapa em mm \u00a001:25<\/div>\n<\/div>\n<div class=\"clearfix\"><\/div>\n<\/div>\n<\/div>\n<div class=\"row groupRow\">\n<div class=\"zusatzInfo\">\n<div class=\"col-sm-6 col-xs-6\">\n<div class=\"border-bottom-dotted\"><strong>dimens\u00f5es gerais<\/strong><\/div>\n<\/div>\n<div class=\"clearfix\"><\/div>\n<\/div>\n<\/div>\n<div class=\"row\">\n<div class=\"zusatzInfo\">\n<div class=\"col-sm-6 col-xs-6\">\n<div class=\"border-bottom-dotted\">altura da mesa em mm \u00a0800<\/div>\n<\/div>\n<div class=\"clearfix\"><\/div>\n<\/div>\n<\/div>\n<div class=\"row groupRow\">\n<div class=\"zusatzInfo\">\n<div class=\"col-sm-6 col-xs-6\">\n<div class=\"border-bottom-dotted\"><strong>peso<\/strong><\/div>\n<\/div>\n<div class=\"clearfix\"><\/div>\n<\/div>\n<\/div>\n<div class=\"row\">\n<div class=\"zusatzInfo\">\n<div class=\"col-sm-6 col-xs-6\">\n<div class=\"border-bottom-dotted\">peso bruto em kg \u00a0620<\/div>\n<\/div>\n<div class=\"clearfix\"><\/div>\n<\/div>\n<\/div>\n<div class=\"row\">\n<div class=\"zusatzInfo\">\n<div class=\"col-sm-6 col-xs-6\">\n<div class=\"border-bottom-dotted\">Peso l\u00edquido em kg \u00a0520<\/div>\n<\/div>\n<div class=\"clearfix\"><\/div>\n<\/div>\n<\/div>\n<div class=\"row groupRow\">\n<div class=\"zusatzInfo\">\n<div class=\"col-sm-6 col-xs-6\">\n<div class=\"border-bottom-dotted\"><strong>Dimens\u00f5es da embalagem<\/strong><\/div>\n<\/div>\n<div class=\"clearfix\"><\/div>\n<\/div>\n<\/div>\n<div class=\"row\">\n<div class=\"zusatzInfo\">\n<div class=\"col-sm-6 col-xs-6\">\n<div class=\"border-bottom-dotted\">Largura em mm \u00a0 700<\/div>\n<\/div>\n<div class=\"clearfix\"><\/div>\n<\/div>\n<\/div>\n<div class=\"row\">\n<div class=\"zusatzInfo\">\n<div class=\"col-sm-6 col-xs-6\">\n<div class=\"border-bottom-dotted\">Comprimento em mm \u00a02.450<\/div>\n<\/div>\n<div class=\"clearfix\"><\/div>\n<\/div>\n<\/div>\n<div class=\"row\">\n<div class=\"zusatzInfo\">\n<div class=\"col-sm-6 col-xs-6\">\n<div class=\"border-bottom-dotted\">Altura em mm \u00a01.200<\/div>\n<\/div>\n<\/div>\n<\/div>\n<p><\/p>","protected":false},"excerpt":{"rendered":"<p>detalhes t\u00e9cnicos servi\u00e7os de corte m\u00e1x. comprimento de corte de 90 \u00b0 em mm 2000 folha de trabalho do metal m\u00e1x. espessura da chapa em mm \u00a001:25 dimens\u00f5es gerais altura da mesa em mm \u00a0800 peso peso bruto em kg \u00a0620 Peso l\u00edquido em kg \u00a0520 Dimens\u00f5es da embalagem Largura em mm \u00a0 700 Comprimento [&hellip;]<\/p>\n","protected":false},"featured_media":8006,"comment_status":"open","ping_status":"closed","template":"","meta":[],"product_brand":[],"product_cat":[1946],"product_tag":[4400,4402,4399,4401,4403,4397,1949,4387,3771,4376,4375,4377,4381,4378,4380,4379,4382,4384,4383,4385,4395,4386,4388,4390,4389,4393,4392,4391,4394,4396,4398],"class_list":{"0":"post-7999","1":"product","2":"type-product","3":"status-publish","4":"has-post-thumbnail","6":"product_cat-guilhotinas","7":"product_tag-electric-shear","8":"product_tag-electric-shear-blades","9":"product_tag-electric-shear-cutter","10":"product_tag-electric-shear-machine","11":"product_tag-electric-shear-sheet-metal","12":"product_tag-electric-shears","13":"product_tag-guilhotina","14":"product_tag-guilhotina-custojusto","15":"product_tag-guilhotina-e-quinadeira","16":"product_tag-guilhotina-eletrica","17":"product_tag-guilhotina-eletrica-nova","18":"product_tag-guilhotina-grande","19":"product_tag-guilhotina-hidraulica","20":"product_tag-guilhotina-hidraulica-industrial","21":"product_tag-guilhotina-hidraulica-nova","22":"product_tag-guilhotina-hidraulica-usada","23":"product_tag-guilhotina-hidraulica-usada-preco","24":"product_tag-guilhotina-industrial","25":"product_tag-guilhotina-info","26":"product_tag-guilhotina-no-mercado-livre","27":"product_tag-guilhotina-nova-preco","28":"product_tag-guilhotina-olx","29":"product_tag-guilhotina-para-cortar-ferro","30":"product_tag-guilhotina-quinadeira-novas","31":"product_tag-guilhotina-quinadeira-usadas","32":"product_tag-guilhotina-semi-automatica","33":"product_tag-guilhotina-semi-industrial","34":"product_tag-guilhotina-significado","35":"product_tag-guilhotina-usada-preco","36":"product_tag-guilhotina-valor","37":"product_tag-new-electric-shears","38":"product_shipping_class-maquinas-medias","40":"first","41":"onbackorder","42":"taxable","43":"shipping-taxable","44":"purchasable","45":"product-type-simple"},"_links":{"self":[{"href":"https:\/\/occasionmachines.com\/pt\/wp-json\/wp\/v2\/product\/7999","targetHints":{"allow":["GET"]}}],"collection":[{"href":"https:\/\/occasionmachines.com\/pt\/wp-json\/wp\/v2\/product"}],"about":[{"href":"https:\/\/occasionmachines.com\/pt\/wp-json\/wp\/v2\/types\/product"}],"replies":[{"embeddable":true,"href":"https:\/\/occasionmachines.com\/pt\/wp-json\/wp\/v2\/comments?post=7999"}],"wp:featuredmedia":[{"embeddable":true,"href":"https:\/\/occasionmachines.com\/pt\/wp-json\/wp\/v2\/media\/8006"}],"wp:attachment":[{"href":"https:\/\/occasionmachines.com\/pt\/wp-json\/wp\/v2\/media?parent=7999"}],"wp:term":[{"taxonomy":"product_brand","embeddable":true,"href":"https:\/\/occasionmachines.com\/pt\/wp-json\/wp\/v2\/product_brand?post=7999"},{"taxonomy":"product_cat","embeddable":true,"href":"https:\/\/occasionmachines.com\/pt\/wp-json\/wp\/v2\/product_cat?post=7999"},{"taxonomy":"product_tag","embeddable":true,"href":"https:\/\/occasionmachines.com\/pt\/wp-json\/wp\/v2\/product_tag?post=7999"}],"curies":[{"name":"wp","href":"https:\/\/api.w.org\/{rel}","templated":true}]}}