{"id":8088,"date":"2016-10-19T16:51:25","date_gmt":"2016-10-19T15:51:25","guid":{"rendered":"http:\/\/occasionmachines.com\/produto\/serrote-de-fita-bs210gp\/"},"modified":"2025-03-07T18:12:49","modified_gmt":"2025-03-07T18:12:49","slug":"serrote-de-fita-bs275gp","status":"publish","type":"product","link":"https:\/\/occasionmachines.com\/pt\/produto\/serrote-de-fita-bs275gp\/","title":{"rendered":"Serrote de fita Holzmann BS275TOP_230V\/400V"},"content":{"rendered":"<p><\/p>\n<h3>Detalhes t\u00e9cnicos<\/h3>\n<div class=\"row groupRow\">\n<div class=\"zusatzInfo\">\n<div class=\"col-sm-6 col-xs-6\">\n<div class=\"border-bottom-dotted\"><strong>Servi\u00e7os de corte:<\/strong><\/div>\n<\/div>\n<div class=\"clearfix\"><\/div>\n<\/div>\n<\/div>\n<div class=\"row\">\n<div class=\"zusatzInfo\">\n<div class=\"col-sm-6 col-xs-6\">\n<div class=\"border-bottom-dotted\">Capacidade de corte redonda \u00d8 90 \u00b0 em mm: \u00a0225<\/div>\n<\/div>\n<div class=\"clearfix\"><\/div>\n<\/div>\n<\/div>\n<div class=\"row\">\n<div class=\"zusatzInfo\">\n<div class=\"col-sm-6 col-xs-6\">\n<div class=\"border-bottom-dotted\">Capacidade de corte rodada 45 \u00b0 \u00d8 em mm: \u00a0160<\/div>\n<\/div>\n<div class=\"clearfix\"><\/div>\n<\/div>\n<\/div>\n<div class=\"row\">\n<div class=\"zusatzInfo\">\n<div class=\"col-sm-6 col-xs-6\">\n<div class=\"border-bottom-dotted\">Capacidade de corte rodada 60 \u00b0 \u00d8 em mm: \u00a0100<\/div>\n<\/div>\n<div class=\"clearfix\"><\/div>\n<\/div>\n<\/div>\n<div class=\"row\">\n<div class=\"zusatzInfo\">\n<div class=\"col-sm-6 col-xs-6\">\n<div class=\"border-bottom-dotted\">Capacidade de corte LxH 90 \u00b0 em mm: \u00a0200&#215;200<\/div>\n<\/div>\n<div class=\"clearfix\"><\/div>\n<\/div>\n<\/div>\n<div class=\"row\">\n<div class=\"zusatzInfo\">\n<div class=\"col-sm-6 col-xs-6\">\n<div class=\"border-bottom-dotted\">Capacidade de corte LxH 45 \u00b0 mm: 160&#215;160<\/div>\n<\/div>\n<div class=\"clearfix\"><\/div>\n<\/div>\n<\/div>\n<div class=\"row\">\n<div class=\"zusatzInfo\">\n<div class=\"col-sm-6 col-xs-6\">\n<div class=\"border-bottom-dotted\">Capacidade de corte LxH 60 \u00b0 em mm: \u00a0100&#215;100<\/div>\n<\/div>\n<div class=\"clearfix\"><\/div>\n<\/div>\n<\/div>\n<div class=\"row groupRow\">\n<div class=\"zusatzInfo\">\n<div class=\"col-sm-6 col-xs-6\">\n<div class=\"border-bottom-dotted\"><strong>Tamanho da l\u00e2mina:<\/strong><\/div>\n<\/div>\n<div class=\"clearfix\"><\/div>\n<\/div>\n<\/div>\n<div class=\"row\">\n<div class=\"zusatzInfo\">\n<div class=\"col-sm-6 col-xs-6\">\n<div class=\"border-bottom-dotted\">L\u00e2mina de serra de fita em mm: \u00a0 2480x27x0,9<\/div>\n<\/div>\n<div class=\"clearfix\"><\/div>\n<\/div>\n<\/div>\n<div class=\"row\">\n<div class=\"zusatzInfo\">\n<div class=\"col-sm-6 col-xs-6\">\n<div class=\"border-bottom-dotted\">Velocidade de banda em m \/ min: 45\/90<\/div>\n<\/div>\n<div class=\"clearfix\"><\/div>\n<\/div>\n<\/div>\n<div class=\"row groupRow\">\n<div class=\"zusatzInfo\">\n<div class=\"col-sm-6 col-xs-6\">\n<div class=\"border-bottom-dotted\"><strong>Dados do motor:<\/strong><\/div>\n<\/div>\n<div class=\"clearfix\"><\/div>\n<\/div>\n<\/div>\n<div class=\"row\">\n<div class=\"zusatzInfo\">\n<div class=\"col-sm-6 col-xs-6\">\n<div class=\"border-bottom-dotted\">S1 pot\u00eancia do motor em W: \u00a01100<\/div>\n<\/div>\n<div class=\"clearfix\"><\/div>\n<\/div>\n<\/div>\n<div class=\"row\">\n<div class=\"zusatzInfo\">\n<div class=\"col-sm-6 col-xs-6\">\n<div class=\"border-bottom-dotted\">S6 desempenho do motor em W: \u00a01500<\/div>\n<\/div>\n<div class=\"clearfix\"><\/div>\n<\/div>\n<\/div>\n<div class=\"row\">\n<div class=\"zusatzInfo\">\n<div class=\"col-sm-6 col-xs-6\">\n<div class=\"border-bottom-dotted\">Tens\u00e3o: \u00a0400V ou 230V<\/div>\n<\/div>\n<div class=\"clearfix\"><\/div>\n<\/div>\n<\/div>\n<div class=\"row groupRow\">\n<div class=\"zusatzInfo\">\n<div class=\"col-sm-6 col-xs-6\">\n<div class=\"border-bottom-dotted\"><strong>Peso:<\/strong><\/div>\n<\/div>\n<div class=\"clearfix\"><\/div>\n<\/div>\n<\/div>\n<div class=\"row\">\n<div class=\"zusatzInfo\">\n<div class=\"col-sm-6 col-xs-6\">\n<div class=\"border-bottom-dotted\">Peso bruto em kg: \u00a0200<\/div>\n<\/div>\n<div class=\"clearfix\"><\/div>\n<\/div>\n<\/div>\n<div class=\"row\">\n<div class=\"zusatzInfo\">\n<div class=\"col-sm-6 col-xs-6\">\n<div class=\"border-bottom-dotted\">Peso l\u00edquido em kg: \u00a0185<\/div>\n<\/div>\n<div class=\"clearfix\"><\/div>\n<\/div>\n<\/div>\n<div class=\"row groupRow\">\n<div class=\"zusatzInfo\">\n<div class=\"col-sm-6 col-xs-6\">\n<div class=\"border-bottom-dotted\"><strong>Dimens\u00f5es da embalagem:<\/strong><\/div>\n<\/div>\n<div class=\"clearfix\"><\/div>\n<\/div>\n<\/div>\n<div class=\"row\">\n<div class=\"zusatzInfo\">\n<div class=\"col-sm-6 col-xs-6\">\n<div class=\"border-bottom-dotted\">Largura em mm: \u00a0580<\/div>\n<\/div>\n<div class=\"clearfix\"><\/div>\n<\/div>\n<\/div>\n<div class=\"row\">\n<div class=\"zusatzInfo\">\n<div class=\"col-sm-6 col-xs-6\">\n<div class=\"border-bottom-dotted\">Comprimento em mm: 1.360<\/div>\n<\/div>\n<div class=\"clearfix\"><\/div>\n<\/div>\n<\/div>\n<div class=\"row\">\n<div class=\"zusatzInfo\">\n<div class=\"col-sm-6 col-xs-6\">\n<div class=\"border-bottom-dotted\">Altura em mm: \u00a0900<\/div>\n<\/div>\n<p>&nbsp;<\/p>\n<p><iframe loading=\"lazy\" src=\"https:\/\/www.youtube.com\/embed\/NBjraUZ6uKE\" width=\"620\" height=\"405\"><span data-mce-type=\"bookmark\" style=\"display: inline-block; width: 0px; overflow: hidden; line-height: 0;\" class=\"mce_SELRES_start\">\ufeff<\/span><br \/>\n<\/iframe><\/p>\n<p>&nbsp;<\/p>\n<\/div>\n<\/div>\n<p><\/p>","protected":false},"excerpt":{"rendered":"<p>Detalhes t\u00e9cnicos Servi\u00e7os de corte: Capacidade de corte redonda \u00d8 90 \u00b0 em mm: \u00a0225 Capacidade de corte rodada 45 \u00b0 \u00d8 em mm: \u00a0160 Capacidade de corte rodada 60 \u00b0 \u00d8 em mm: \u00a0100 Capacidade de corte LxH 90 \u00b0 em mm: \u00a0200&#215;200 Capacidade de corte LxH 45 \u00b0 mm: 160&#215;160 Capacidade de corte [&hellip;]<\/p>\n","protected":false},"featured_media":8087,"comment_status":"closed","ping_status":"closed","template":"","meta":[],"product_brand":[],"product_cat":[4429],"product_tag":[4461,4458,4373,4462,4459,4456,4457,4460,4466,4464,4469,4468,4467,4463,4445,4450,4448,4447,4446,4449,4454,4455,4452,4453,4451,4465],"class_list":{"0":"post-8088","1":"product","2":"type-product","3":"status-publish","4":"has-post-thumbnail","6":"product_cat-serrotes-de-fita","7":"product_tag-automatic-band-saw-for-metal","8":"product_tag-band-saw-blades-for-metal","9":"product_tag-band-saw-for-metal","10":"product_tag-band-saw-metal-blade","11":"product_tag-bandsaw-blades-for-metal-cutting","12":"product_tag-bandsaw-for-metal","13":"product_tag-bandsaw-for-metal-cutting","14":"product_tag-best-band-saw-for-metal","15":"product_tag-best-bandsaw-for-metal-cutting","16":"product_tag-best-vertical-bandsaw-for-metal","17":"product_tag-good-band-saw-for-metal","18":"product_tag-metal-bandsaw-for-sale","19":"product_tag-metal-bandsaw-for-sale-ebay","20":"product_tag-metal-bandsaw-for-sale-holzmann","21":"product_tag-serrote-de-fita","22":"product_tag-serrote-de-fita-automatico","23":"product_tag-serrote-de-fita-custo-justo","24":"product_tag-serrote-de-fita-olx","25":"product_tag-serrote-de-fita-para-ferro","26":"product_tag-serrote-de-fita-preco","27":"product_tag-serrotes-de-fita-novos","28":"product_tag-serrotes-de-fita-novos-para-venda","29":"product_tag-serrotes-de-fita-para-cortar-aluminio","30":"product_tag-serrotes-de-fita-para-cortar-bronze","31":"product_tag-serrotes-de-fita-para-cortar-ferro","32":"product_tag-small-band-saw-for-metal-cutting","33":"product_shipping_class-maquinas-medias","35":"first","36":"onbackorder","37":"taxable","38":"shipping-taxable","39":"purchasable","40":"product-type-variable"},"_links":{"self":[{"href":"https:\/\/occasionmachines.com\/pt\/wp-json\/wp\/v2\/product\/8088","targetHints":{"allow":["GET"]}}],"collection":[{"href":"https:\/\/occasionmachines.com\/pt\/wp-json\/wp\/v2\/product"}],"about":[{"href":"https:\/\/occasionmachines.com\/pt\/wp-json\/wp\/v2\/types\/product"}],"replies":[{"embeddable":true,"href":"https:\/\/occasionmachines.com\/pt\/wp-json\/wp\/v2\/comments?post=8088"}],"wp:featuredmedia":[{"embeddable":true,"href":"https:\/\/occasionmachines.com\/pt\/wp-json\/wp\/v2\/media\/8087"}],"wp:attachment":[{"href":"https:\/\/occasionmachines.com\/pt\/wp-json\/wp\/v2\/media?parent=8088"}],"wp:term":[{"taxonomy":"product_brand","embeddable":true,"href":"https:\/\/occasionmachines.com\/pt\/wp-json\/wp\/v2\/product_brand?post=8088"},{"taxonomy":"product_cat","embeddable":true,"href":"https:\/\/occasionmachines.com\/pt\/wp-json\/wp\/v2\/product_cat?post=8088"},{"taxonomy":"product_tag","embeddable":true,"href":"https:\/\/occasionmachines.com\/pt\/wp-json\/wp\/v2\/product_tag?post=8088"}],"curies":[{"name":"wp","href":"https:\/\/api.w.org\/{rel}","templated":true}]}}