{"id":8108,"date":"2016-10-20T10:34:55","date_gmt":"2016-10-20T09:34:55","guid":{"rendered":"http:\/\/occasionmachines.com\/produto\/torno-mecanico-ed400fd\/"},"modified":"2025-03-07T18:10:47","modified_gmt":"2025-03-07T18:10:47","slug":"torno-mecanico-ed750fdq","status":"publish","type":"product","link":"https:\/\/occasionmachines.com\/pt\/produto\/torno-mecanico-ed750fdq\/","title":{"rendered":"Torno Mec\u00e2nico Holzmann ED750FDQ_230V"},"content":{"rendered":"<p><\/p>\n<h3><strong>Torno Mec\u00e2nico Holzmann ED750FDQ_230V<\/strong><\/h3>\n<h3>detalhes t\u00e9cnicos<\/h3>\n<div class=\"row groupRow\">\n<div class=\"zusatzInfo\">\n<div class=\"col-sm-6 col-xs-6\">\n<div class=\"border-bottom-dotted\"><strong>tornos<\/strong><\/div>\n<\/div>\n<div class=\"clearfix\"><\/div>\n<\/div>\n<\/div>\n<div class=\"row\">\n<div class=\"zusatzInfo\">\n<div class=\"col-sm-6 col-xs-6\">\n<div class=\"border-bottom-dotted\">Dist\u00e2ncia entre centros em mm \u00a0750<\/div>\n<\/div>\n<div class=\"clearfix\"><\/div>\n<\/div>\n<\/div>\n<div class=\"row\">\n<div class=\"zusatzInfo\">\n<div class=\"col-sm-6 col-xs-6\">\n<div class=\"border-bottom-dotted\">altura do pico em mil\u00edmetros \u00a0125<\/div>\n<\/div>\n<div class=\"clearfix\"><\/div>\n<\/div>\n<\/div>\n<div class=\"row\">\n<div class=\"zusatzInfo\">\n<div class=\"col-sm-6 col-xs-6\">\n<div class=\"border-bottom-dotted\">m\u00e1x. Balan\u00e7ar cama mm \u00a0250<\/div>\n<\/div>\n<div class=\"clearfix\"><\/div>\n<\/div>\n<\/div>\n<div class=\"row\">\n<div class=\"zusatzInfo\">\n<div class=\"col-sm-6 col-xs-6\">\n<div class=\"border-bottom-dotted\">velocidade do eixo rotativo em min-1 \u00a0100-2000<\/div>\n<\/div>\n<div class=\"clearfix\"><\/div>\n<\/div>\n<\/div>\n<div class=\"row\">\n<div class=\"zusatzInfo\">\n<div class=\"col-sm-6 col-xs-6\">\n<div class=\"border-bottom-dotted\">furo de eixo em mm \u00a021<\/div>\n<\/div>\n<div class=\"clearfix\"><\/div>\n<\/div>\n<\/div>\n<div class=\"row\">\n<div class=\"zusatzInfo\">\n<div class=\"col-sm-6 col-xs-6\">\n<div class=\"border-bottom-dotted\">cone do eixo \u00a0MK3 \/ MT3<\/div>\n<\/div>\n<div class=\"clearfix\"><\/div>\n<\/div>\n<\/div>\n<div class=\"row\">\n<div class=\"zusatzInfo\">\n<div class=\"col-sm-6 col-xs-6\">\n<div class=\"border-bottom-dotted\">cone tailstock \u00a0MK2 \/ MT2<\/div>\n<\/div>\n<div class=\"clearfix\"><\/div>\n<\/div>\n<\/div>\n<div class=\"row\">\n<div class=\"zusatzInfo\">\n<div class=\"col-sm-6 col-xs-6\">\n<div class=\"border-bottom-dotted\">alimenta\u00e7\u00e3o longitudinal \u00a00,07-0,2<\/div>\n<\/div>\n<div class=\"clearfix\"><\/div>\n<\/div>\n<\/div>\n<div class=\"row\">\n<div class=\"zusatzInfo\">\n<div class=\"col-sm-6 col-xs-6\">\n<div class=\"border-bottom-dotted\">rosca m\u00e9trica em mm \/ r \u00a00,5-2,5<\/div>\n<\/div>\n<div class=\"clearfix\"><\/div>\n<\/div>\n<\/div>\n<div class=\"row\">\n<div class=\"zusatzInfo\">\n<div class=\"col-sm-6 col-xs-6\">\n<div class=\"border-bottom-dotted\">polegadas rosca \u00a08-56<\/div>\n<\/div>\n<div class=\"clearfix\"><\/div>\n<\/div>\n<\/div>\n<div class=\"row groupRow\">\n<div class=\"zusatzInfo\">\n<div class=\"col-sm-6 col-xs-6\">\n<div class=\"border-bottom-dotted\"><strong>dimens\u00f5es gerais<\/strong><\/div>\n<\/div>\n<div class=\"clearfix\"><\/div>\n<\/div>\n<\/div>\n<div class=\"row\">\n<div class=\"zusatzInfo\">\n<div class=\"col-sm-6 col-xs-6\">\n<div class=\"border-bottom-dotted\">largura de cama em mm \u00a0135<\/div>\n<\/div>\n<div class=\"clearfix\"><\/div>\n<\/div>\n<\/div>\n<div class=\"row groupRow\">\n<div class=\"zusatzInfo\">\n<div class=\"col-sm-6 col-xs-6\">\n<div class=\"border-bottom-dotted\"><strong>dados do motor<\/strong><\/div>\n<\/div>\n<div class=\"clearfix\"><\/div>\n<\/div>\n<\/div>\n<div class=\"row\">\n<div class=\"zusatzInfo\">\n<div class=\"col-sm-6 col-xs-6\">\n<div class=\"border-bottom-dotted\">S1 pot\u00eancia do motor em W \u00a0730<\/div>\n<\/div>\n<div class=\"clearfix\"><\/div>\n<\/div>\n<\/div>\n<div class=\"row\">\n<div class=\"zusatzInfo\">\n<div class=\"col-sm-6 col-xs-6\">\n<div class=\"border-bottom-dotted\">S6 desempenho do motor em W \u00a01000<\/div>\n<\/div>\n<div class=\"clearfix\"><\/div>\n<\/div>\n<\/div>\n<div class=\"row\">\n<div class=\"zusatzInfo\">\n<div class=\"col-sm-6 col-xs-6\">\n<div class=\"border-bottom-dotted\">tens\u00e3o \u00a0230V<\/div>\n<\/div>\n<div class=\"clearfix\"><\/div>\n<\/div>\n<\/div>\n<div class=\"row groupRow\">\n<div class=\"zusatzInfo\">\n<div class=\"col-sm-6 col-xs-6\">\n<div class=\"border-bottom-dotted\"><strong>peso<\/strong><\/div>\n<\/div>\n<div class=\"clearfix\"><\/div>\n<\/div>\n<\/div>\n<div class=\"row\">\n<div class=\"zusatzInfo\">\n<div class=\"col-sm-6 col-xs-6\">\n<div class=\"border-bottom-dotted\">peso bruto em kg \u00a0214<\/div>\n<\/div>\n<div class=\"clearfix\"><\/div>\n<\/div>\n<\/div>\n<div class=\"row\">\n<div class=\"zusatzInfo\">\n<div class=\"col-sm-6 col-xs-6\">\n<div class=\"border-bottom-dotted\">Peso l\u00edquido em kg \u00a0200<\/div>\n<\/div>\n<div class=\"clearfix\"><\/div>\n<\/div>\n<\/div>\n<div class=\"row groupRow\">\n<div class=\"zusatzInfo\">\n<div class=\"col-sm-6 col-xs-6\">\n<div class=\"border-bottom-dotted\"><strong>Dimens\u00f5es da embalagem<\/strong><\/div>\n<\/div>\n<div class=\"clearfix\"><\/div>\n<\/div>\n<\/div>\n<div class=\"row\">\n<div class=\"zusatzInfo\">\n<div class=\"col-sm-6 col-xs-6\">\n<div class=\"border-bottom-dotted\">Largura em mm \u00a0680<\/div>\n<\/div>\n<div class=\"clearfix\"><\/div>\n<\/div>\n<\/div>\n<div class=\"row\">\n<div class=\"zusatzInfo\">\n<div class=\"col-sm-6 col-xs-6\">\n<div class=\"border-bottom-dotted\">Comprimento em mm \u00a01.400<\/div>\n<\/div>\n<div class=\"clearfix\"><\/div>\n<\/div>\n<\/div>\n<div class=\"row\">\n<div class=\"zusatzInfo\">\n<div class=\"col-sm-6 col-xs-6\">\n<div class=\"border-bottom-dotted\">Altura em mm \u00a0560<\/div>\n<\/div>\n<\/div>\n<\/div>\n<p><\/p>","protected":false},"excerpt":{"rendered":"<p>Torno Mec\u00e2nico Holzmann ED750FDQ_230V detalhes t\u00e9cnicos tornos Dist\u00e2ncia entre centros em mm \u00a0750 altura do pico em mil\u00edmetros \u00a0125 m\u00e1x. Balan\u00e7ar cama mm \u00a0250 velocidade do eixo rotativo em min-1 \u00a0100-2000 furo de eixo em mm \u00a021 cone do eixo \u00a0MK3 \/ MT3 cone tailstock \u00a0MK2 \/ MT2 alimenta\u00e7\u00e3o longitudinal \u00a00,07-0,2 rosca m\u00e9trica em mm [&hellip;]<\/p>\n","protected":false},"featured_media":8110,"comment_status":"closed","ping_status":"closed","template":"","meta":[],"product_brand":[],"product_cat":[1836],"product_tag":[4499,4479,4480,4476,4478,4477,4475,4481,4482,1895,1896,4483,4484,4485,4486,4489,4487,4488,4491,4492,4494,1900,1901,4495,4496,1902,4497,4493],"class_list":{"0":"post-8108","1":"product","2":"type-product","3":"status-publish","4":"has-post-thumbnail","6":"product_cat-torno-mecanico","7":"product_tag-metal-lathe","8":"product_tag-metal-lathe-accessories","9":"product_tag-metal-lathe-and-milling-machine","10":"product_tag-metal-lathe-for-sale","11":"product_tag-metal-lathe-machine","12":"product_tag-metal-lathe-tools","13":"product_tag-metal-mechanic-lathe","14":"product_tag-new-metal-lathe","15":"product_tag-new-metal-mechanic-lathe","16":"product_tag-torno-mecanico","17":"product_tag-torno-mecanico-a-venda","18":"product_tag-torno-mecanico-a-venda-olx","19":"product_tag-torno-mecanico-barato","20":"product_tag-torno-mecanico-ferramentas","21":"product_tag-torno-mecanico-grande","22":"product_tag-torno-mecanico-grande-novo","23":"product_tag-torno-mecanico-grande-porte","24":"product_tag-torno-mecanico-graziano","25":"product_tag-torno-mecanico-holzmann","26":"product_tag-torno-mecanico-leiria","27":"product_tag-torno-mecanico-manual","28":"product_tag-torno-mecanico-marinha-grande","29":"product_tag-torno-mecanico-novo","30":"product_tag-torno-mecanico-novo-preco","31":"product_tag-torno-mecanico-ocasion","32":"product_tag-torno-mecanico-olx","33":"product_tag-torno-mecanico-onde-comprar","34":"product_tag-torno-mecanico-portugal","35":"product_shipping_class-maquinas-pequenas","37":"first","38":"onbackorder","39":"taxable","40":"shipping-taxable","41":"purchasable","42":"product-type-simple"},"_links":{"self":[{"href":"https:\/\/occasionmachines.com\/pt\/wp-json\/wp\/v2\/product\/8108","targetHints":{"allow":["GET"]}}],"collection":[{"href":"https:\/\/occasionmachines.com\/pt\/wp-json\/wp\/v2\/product"}],"about":[{"href":"https:\/\/occasionmachines.com\/pt\/wp-json\/wp\/v2\/types\/product"}],"replies":[{"embeddable":true,"href":"https:\/\/occasionmachines.com\/pt\/wp-json\/wp\/v2\/comments?post=8108"}],"wp:featuredmedia":[{"embeddable":true,"href":"https:\/\/occasionmachines.com\/pt\/wp-json\/wp\/v2\/media\/8110"}],"wp:attachment":[{"href":"https:\/\/occasionmachines.com\/pt\/wp-json\/wp\/v2\/media?parent=8108"}],"wp:term":[{"taxonomy":"product_brand","embeddable":true,"href":"https:\/\/occasionmachines.com\/pt\/wp-json\/wp\/v2\/product_brand?post=8108"},{"taxonomy":"product_cat","embeddable":true,"href":"https:\/\/occasionmachines.com\/pt\/wp-json\/wp\/v2\/product_cat?post=8108"},{"taxonomy":"product_tag","embeddable":true,"href":"https:\/\/occasionmachines.com\/pt\/wp-json\/wp\/v2\/product_tag?post=8108"}],"curies":[{"name":"wp","href":"https:\/\/api.w.org\/{rel}","templated":true}]}}