{"id":9588,"date":"2017-02-07T09:41:09","date_gmt":"2017-02-07T09:41:09","guid":{"rendered":"http:\/\/occasionmachines.com\/?post_type=product&#038;p=9588"},"modified":"2025-03-07T18:29:45","modified_gmt":"2025-03-07T18:29:45","slug":"cabeca-de-fresadora-ed-750-fd-ou-ed750fdq","status":"publish","type":"product","link":"https:\/\/occasionmachines.com\/pt\/produto\/cabeca-de-fresadora-ed-750-fd-ou-ed750fdq\/","title":{"rendered":"Cabe\u00e7a de fresadora Holzmann ED750FADQ_230V"},"content":{"rendered":"<p><strong>Cabe\u00e7a de fresadora para Torno Mec\u00e2nico\u00a0ED 750 FD ou ED750FDQ<\/strong><\/p>\n<ul>\n<li>cabe\u00e7a inclin\u00e1vel -90 \u00b0 &#8211; 0 \u00b0 &#8211; + 90 \u00b0<\/li>\n<li>velocidade vari\u00e1vel, guia prism\u00e1tica<\/li>\n<li>De perfura\u00e7\u00e3o de aproximadamente 16 mil\u00edmetros<\/li>\n<li>fresas rosto at\u00e9 50mm<\/li>\n<li>indicador de profundidade<\/li>\n<li>Este produto est\u00e1 em conformidade com o filtro de Classe B e deve ser protegida quando operado em \u00e1reas mistas ou residenciais de acordo com a EMC<\/li>\n<\/ul>\n<h3>Detalhes t\u00e9cnicos<\/h3>\n<div class=\"row groupRow\">\n<div class=\"zusatzInfo\">\n<div class=\"col-sm-6 col-xs-6\">\n<div class=\"border-bottom-dotted\"><strong>Dados do motor<\/strong><\/div>\n<\/div>\n<div class=\"clearfix\">\u00a0S1 pot\u00eancia do motor em W\u00a0500<\/div>\n<\/div>\n<\/div>\n<div class=\"row\">\n<div class=\"zusatzInfo\">\n<div class=\"clearfix\"><\/div>\n<\/div>\n<\/div>\n<div class=\"row\">\n<div class=\"zusatzInfo\">\n<div class=\"col-sm-6 col-xs-6\">\n<div class=\"border-bottom-dotted\">S6 desempenho do motor em W\u00a0750<\/div>\n<\/div>\n<div class=\"clearfix\"><\/div>\n<\/div>\n<\/div>\n<div class=\"row\">\n<div class=\"zusatzInfo\">\n<div class=\"col-sm-6 col-xs-6\">\n<div class=\"border-bottom-dotted\">Tens\u00e3o\u00a0230V<\/div>\n<\/div>\n<div class=\"clearfix\"><\/div>\n<\/div>\n<\/div>\n<div class=\"row groupRow\">\n<div class=\"zusatzInfo\">\n<div class=\"col-sm-6 col-xs-6\">\n<div class=\"border-bottom-dotted\"><strong>Fresamento e fura\u00e7\u00e3o<\/strong><\/div>\n<\/div>\n<div class=\"clearfix\"><\/div>\n<\/div>\n<\/div>\n<div class=\"row\">\n<div class=\"zusatzInfo\">\n<div class=\"col-sm-6 col-xs-6\">\n<div class=\"border-bottom-dotted\">m\u00e1x. capacidade de perfura\u00e7\u00e3o em mm\u00a016<\/div>\n<\/div>\n<div class=\"clearfix\"><\/div>\n<\/div>\n<\/div>\n<div class=\"row\">\n<div class=\"zusatzInfo\">\n<div class=\"col-sm-6 col-xs-6\">\n<div class=\"border-bottom-dotted\">Velocidade em min-1\u00a050-2250<\/div>\n<\/div>\n<div class=\"clearfix\"><\/div>\n<\/div>\n<\/div>\n<div class=\"row\">\n<div class=\"zusatzInfo\">\n<div class=\"col-sm-6 col-xs-6\">\n<div class=\"border-bottom-dotted\">MK2 \/ MT2<\/div>\n<\/div>\n<div class=\"clearfix\"><\/div>\n<\/div>\n<\/div>\n<div class=\"row\">\n<div class=\"zusatzInfo\">\n<div class=\"col-sm-6 col-xs-6\">\n<div class=\"border-bottom-dotted\">Fuso em mm\u00a050<\/div>\n<\/div>\n<div class=\"clearfix\"><\/div>\n<\/div>\n<\/div>\n<div class=\"row groupRow\">\n<div class=\"zusatzInfo\">\n<div class=\"col-sm-6 col-xs-6\">\n<div class=\"border-bottom-dotted\"><strong>Peso<\/strong><\/div>\n<\/div>\n<div class=\"clearfix\"><\/div>\n<\/div>\n<\/div>\n<div class=\"row\">\n<div class=\"zusatzInfo\">\n<div class=\"col-sm-6 col-xs-6\">\n<div class=\"border-bottom-dotted\">Peso bruto em kg\u00a045<\/div>\n<\/div>\n<div class=\"clearfix\"><\/div>\n<\/div>\n<\/div>\n<div class=\"row\">\n<div class=\"zusatzInfo\">\n<div class=\"col-sm-6 col-xs-6\">\n<div class=\"border-bottom-dotted\">Peso l\u00edquido em kg\u00a040<\/div>\n<\/div>\n<div class=\"clearfix\"><\/div>\n<\/div>\n<\/div>\n<div class=\"row groupRow\">\n<div class=\"zusatzInfo\">\n<div class=\"col-sm-6 col-xs-6\">\n<div class=\"border-bottom-dotted\"><strong>Dimens\u00f5es da embalagem<\/strong><\/div>\n<\/div>\n<div class=\"clearfix\"><\/div>\n<\/div>\n<\/div>\n<div class=\"row\">\n<div class=\"zusatzInfo\">\n<div class=\"col-sm-6 col-xs-6\">\n<div class=\"border-bottom-dotted\">Comprimento em mm\u00a0740<\/div>\n<\/div>\n<div class=\"clearfix\"><\/div>\n<\/div>\n<\/div>\n<div class=\"row\">\n<div class=\"zusatzInfo\">\n<div class=\"col-sm-6 col-xs-6\">\n<div class=\"border-bottom-dotted\">Largura em mm\u00a0320<\/div>\n<\/div>\n<div class=\"clearfix\"><\/div>\n<\/div>\n<\/div>\n<div class=\"row\">\n<div class=\"zusatzInfo\">\n<div class=\"col-sm-6 col-xs-6\">\n<div class=\"border-bottom-dotted\">Altura em mm\u00a0495<\/div>\n<\/div>\n<\/div>\n<\/div>\n<p><\/p>","protected":false},"excerpt":{"rendered":"<p>Cabe\u00e7a de fresadora para Torno Mec\u00e2nico\u00a0ED 750 FD ou ED750FDQ cabe\u00e7a inclin\u00e1vel -90 \u00b0 &#8211; 0 \u00b0 &#8211; + 90 \u00b0 velocidade vari\u00e1vel, guia prism\u00e1tica De perfura\u00e7\u00e3o de aproximadamente 16 mil\u00edmetros fresas rosto at\u00e9 50mm indicador de profundidade Este produto est\u00e1 em conformidade com o filtro de Classe B e deve ser protegida quando operado [&hellip;]<\/p>\n","protected":false},"featured_media":9589,"comment_status":"closed","ping_status":"closed","template":"","meta":[],"product_brand":[],"product_cat":[2672,1836],"product_tag":[4983,4984],"class_list":{"0":"post-9588","1":"product","2":"type-product","3":"status-publish","4":"has-post-thumbnail","6":"product_cat-fresadoras","7":"product_cat-torno-mecanico","8":"product_tag-cabeca-de-fresadora-ed-750-fd-ou-ed750fdq","9":"product_tag-cabeca-de-fresadora-para-torno","10":"product_shipping_class-ferramentas-grandes","12":"first","13":"onbackorder","14":"taxable","15":"shipping-taxable","16":"purchasable","17":"product-type-simple"},"_links":{"self":[{"href":"https:\/\/occasionmachines.com\/pt\/wp-json\/wp\/v2\/product\/9588","targetHints":{"allow":["GET"]}}],"collection":[{"href":"https:\/\/occasionmachines.com\/pt\/wp-json\/wp\/v2\/product"}],"about":[{"href":"https:\/\/occasionmachines.com\/pt\/wp-json\/wp\/v2\/types\/product"}],"replies":[{"embeddable":true,"href":"https:\/\/occasionmachines.com\/pt\/wp-json\/wp\/v2\/comments?post=9588"}],"wp:featuredmedia":[{"embeddable":true,"href":"https:\/\/occasionmachines.com\/pt\/wp-json\/wp\/v2\/media\/9589"}],"wp:attachment":[{"href":"https:\/\/occasionmachines.com\/pt\/wp-json\/wp\/v2\/media?parent=9588"}],"wp:term":[{"taxonomy":"product_brand","embeddable":true,"href":"https:\/\/occasionmachines.com\/pt\/wp-json\/wp\/v2\/product_brand?post=9588"},{"taxonomy":"product_cat","embeddable":true,"href":"https:\/\/occasionmachines.com\/pt\/wp-json\/wp\/v2\/product_cat?post=9588"},{"taxonomy":"product_tag","embeddable":true,"href":"https:\/\/occasionmachines.com\/pt\/wp-json\/wp\/v2\/product_tag?post=9588"}],"curies":[{"name":"wp","href":"https:\/\/api.w.org\/{rel}","templated":true}]}}